{"id":71,"date":"2024-03-22T08:05:09","date_gmt":"2024-03-22T07:05:09","guid":{"rendered":"https:\/\/kapicchi-recruiting.com\/?page_id=71"},"modified":"2024-08-02T16:39:27","modified_gmt":"2024-08-02T21:39:27","slug":"ueber-uns","status":"publish","type":"page","link":"https:\/\/kapicchi-recruiting.com\/es\/ueber-uns\/","title":{"rendered":"ueber uns"},"content":{"rendered":"<section class=\"section\" id=\"section_1601569963\">\n\t\t<div class=\"section-bg fill\" >\n\t\t\t<img loading=\"lazy\" decoding=\"async\" width=\"1600\" height=\"1066\" src=\"https:\/\/kapicchi-recruiting.com\/wp-content\/uploads\/2024\/05\/5-1.jpg\" class=\"bg attachment- size-\" alt=\"\" \/>\t\t\t\t\t\t\n\t\t\t\n\n\t\t<\/div>\n\n\t\t\n\n\t\t<div class=\"section-content relative\">\n\t\t\t\n\n<div class=\"row align-center\"  id=\"row-1327103400\">\n\n\n\t<div id=\"col-1458020750\" class=\"col medium-9 small-12 large-9\"  >\n\t\t\t\t<div class=\"col-inner text-center\"  >\n\t\t\t\n\t\t\t\n\n\t<div id=\"text-1594073846\" class=\"text\">\n\t\t\n\n\n\t\t\n<style>\n#text-1594073846 {\n  font-size: 1.55rem;\n  color: rgb(0,0,0);\n}\n#text-1594073846 > * {\n  color: rgb(0,0,0);\n}\n<\/style>\n\t<\/div>\n\t\n\n\t\t<\/div>\n\t\t\t\t\n<style>\n#col-1458020750 > .col-inner {\n  padding: 0px 0px 159px 0px;\n}\n<\/style>\n\t<\/div>\n\n\t\n\n<\/div>\n\n\t\t<\/div>\n\n\t\t\n<style>\n#section_1601569963 {\n  padding-top: 60px;\n  padding-bottom: 60px;\n  min-height: 624px;\n  background-color: rgb(245, 245, 245);\n}\n<\/style>\n\t<\/section>\n\t\n\n\t<section class=\"section dark\" id=\"section_504918139\">\n\t\t<div class=\"section-bg fill\" >\n\t\t\t\t\t\t\t\t\t\n\t\t\t\n\n\t\t<\/div>\n\n\t\t\n\n\t\t<div class=\"section-content relative\">\n\t\t\t\n\n<div class=\"container section-title-container\" ><h2 class=\"section-title section-title-center\"><b><\/b><span class=\"section-title-main\" style=\"color:rgb(0, 0, 0);\">Unsere Geschichte<\/span><b><\/b><\/h2><\/div>\n\n<div class=\"row\"  id=\"row-1706995841\">\n\n\n\t<div id=\"col-354063327\" class=\"col medium-8 small-12 large-8\"  >\n\t\t\t\t<div class=\"col-inner\"  >\n\t\t\t\n\t\t\t\n\n\t<div id=\"text-4176476329\" class=\"text\">\n\t\t\n\n<p>Alles begann mit der Agentur Kapicchi, die von R. Cortez und S. Bechly in Ecuador gegr\u00fcndet wurde. Seit 2018 vermitteln sie Tausenden von Kandidaten*innen die deutsche Sprache auf interaktive, innovative Weise. Aufgrund der grossen Zufriedenheit der Sch\u00fcler stieg der Bekanntheitsgrad der Agentur Kapicchi, welche dadurch wachsen konnte und sich aufgrund der grossen Nachfrage auch unterst\u00fctzend im Berreich der beruflichen Annerkennungsverfahren erfolgreich etablierte. Zun\u00e4chst\u00a0 f\u00fcr \u00c4rzte*innen, Kranken- und Altenpfleger*innen, dann auch f\u00fcr 50 weitere Berufe sowie Ausbildungs- und Studieng\u00e4nge in Deutschland.\u00a0<\/p>\n<p>Darauf folgte die Abteilung Kapicchi Recruiting, welche zummen mit F. Naarmann gegr\u00fcndet wurde, in der wir aktiv ausl\u00e4ndische medizinische Fachkr\u00e4fte f\u00fcr deutsche Firmen rekrutieren.<\/p>\n\t\t\n<style>\n#text-4176476329 {\n  color: rgb(0,0,0);\n}\n#text-4176476329 > * {\n  color: rgb(0,0,0);\n}\n<\/style>\n\t<\/div>\n\t\n\n\t\t<\/div>\n\t\t\t\t\t<\/div>\n\n\t\n\n\t<div id=\"col-717164815\" class=\"col medium-4 small-12 large-4\"  >\n\t\t\t\t<div class=\"col-inner\"  >\n\t\t\t\n\t\t\t\n\n\t<div class=\"img has-hover x md-x lg-x y md-y lg-y\" id=\"image_309161110\">\n\t\t\t\t\t\t\t\t<div class=\"img-inner dark\" style=\"margin:0px 0px 0px 0px;\">\n\t\t\t<img loading=\"lazy\" decoding=\"async\" width=\"643\" height=\"400\" src=\"https:\/\/kapicchi-recruiting.com\/wp-content\/uploads\/2024\/05\/sf.jpg\" class=\"attachment-large size-large\" alt=\"\" srcset=\"https:\/\/kapicchi-recruiting.com\/wp-content\/uploads\/2024\/05\/sf.jpg 643w, https:\/\/kapicchi-recruiting.com\/wp-content\/uploads\/2024\/05\/sf-18x12.jpg 18w\" sizes=\"auto, (max-width: 643px) 100vw, 643px\" \/>\t\t\t\t\t\t\n\t\t\t\t\t<\/div>\n\t\t\t\t\t\t\t\t\n<style>\n#image_309161110 {\n  width: 91%;\n}\n<\/style>\n\t<\/div>\n\t\n\n\n\t\t<\/div>\n\t\t\t\t\n<style>\n#col-717164815 > .col-inner {\n  margin: 0px 0px -59px 53px;\n}\n<\/style>\n\t<\/div>\n\n\t\n\n<\/div>\n\n\t\t<\/div>\n\n\t\t\n<style>\n#section_504918139 {\n  padding-top: 30px;\n  padding-bottom: 30px;\n  background-color: rgb(255, 255, 255);\n}\n<\/style>\n\t<\/section>\n\t\n\n\t<section class=\"section\" id=\"section_1693183249\">\n\t\t<div class=\"section-bg fill\" >\n\t\t\t\t\t\t\t\t\t\n\t\t\t\n\n\t\t<\/div>\n\n\t\t\n\n\t\t<div class=\"section-content relative\">\n\t\t\t\n\n<div class=\"row align-center\"  id=\"row-1479173041\">\n\n\n\t<div id=\"col-689878235\" class=\"col medium-10 small-12 large-10\"  >\n\t\t\t\t<div class=\"col-inner text-center\"  >\n\t\t\t\n\t\t\t\n\n\t<div id=\"text-4247807989\" class=\"text\">\n\t\t\n\n<p>\u00a0<\/p>\n<h2 class=\"uppercase\">NUESTRO EQUIPO<\/h2>\n<p>\u00a0<\/p>\n<p><span style=\"font-size: 100%;\">Unser interkulturelles Team besteht aus Deutschen und Ecuadorianern. Wir sind sowohl in Deutschland als auch in Ecuador pers\u00f6nlich vertreten.<\/span><\/p>\n<p>Durch unsere kulturelle Mischung k\u00f6nnen wir uns sowohl in die Lage der Neuank\u00f6mmlinge, als auch der aufnehmenden Unternehmen hineinversetzen und bereiten unsere sorgf\u00e4ltig ausgew\u00e4hlten Fachkr\u00e4fte optimal auf ihr neues Umfeld sowie ihren weiterf\u00fchrenden Berufsweg in Deutschland vor.<\/p>\n\t\t\n<style>\n#text-4247807989 {\n  color: rgb(0,0,0);\n}\n#text-4247807989 > * {\n  color: rgb(0,0,0);\n}\n<\/style>\n\t<\/div>\n\t\n\n\t\t<\/div>\n\t\t\t\t\t<\/div>\n\n\t\n\n\t<div id=\"col-463588862\" class=\"col medium-4 small-12 large-4\"  >\n\t\t\t\t<div class=\"col-inner\"  >\n\t\t\t\n\t\t\t\n\n    <div class=\"box has-hover has-hover box-push box-text-bottom\" >\n\n                  <div class=\"box-image\" style=\"width:85%;\">\n           <div class=\"box-image-inner image-cover\" style=\"padding-top:100%;\">\n              <img loading=\"lazy\" decoding=\"async\" width=\"400\" height=\"400\" src=\"https:\/\/kapicchi-recruiting.com\/wp-content\/uploads\/2024\/05\/sally.jpg\" class=\"attachment- size-\" alt=\"\" srcset=\"https:\/\/kapicchi-recruiting.com\/wp-content\/uploads\/2024\/05\/sally.jpg 400w, https:\/\/kapicchi-recruiting.com\/wp-content\/uploads\/2024\/05\/sally-280x280.jpg 280w, https:\/\/kapicchi-recruiting.com\/wp-content\/uploads\/2024\/05\/sally-12x12.jpg 12w\" sizes=\"auto, (max-width: 400px) 100vw, 400px\" \/>                         <\/div>\n          <\/div>\n         \n          <div class=\"box-text text-center\" style=\"background-color:rgb(255, 255, 255);padding:20px 20px 20px 20px;\">\n                <div class=\"box-text-inner\">\n                  <h4 class=\"uppercase\">\n                    <span class=\"person-name\">S. Bechly<\/span><br\/>\n                    <span class=\"person-title is-small thin-font op-7\">\n                                          <\/span>\n                  <\/h4>\n\t\t\t\t\t\n\n\t<div id=\"text-3109841827\" class=\"text\">\n\t\t\n\n<p>Leiterin Kapicchi Sprachausbildung und Personalvermittlung<\/p>\n\t\t\n<style>\n#text-3109841827 {\n  text-align: center;\n  color: rgb(0,0,0);\n}\n#text-3109841827 > * {\n  color: rgb(0,0,0);\n}\n<\/style>\n\t<\/div>\n\t\n\n                <\/div>\n          <\/div>\n    <\/div>\n\n\t\n    \n\n\t\t<\/div>\n\t\t\t\t\t<\/div>\n\n\t\n\n\t<div id=\"col-392751186\" class=\"col medium-4 small-12 large-4\"  >\n\t\t\t\t<div class=\"col-inner\"  >\n\t\t\t\n\t\t\t\n\n    <div class=\"box has-hover has-hover box-push box-text-bottom\" >\n\n                  <div class=\"box-image\" style=\"width:85%;\">\n           <div class=\"box-image-inner image-cover\" style=\"padding-top:100%;\">\n              <img loading=\"lazy\" decoding=\"async\" width=\"800\" height=\"750\" src=\"https:\/\/kapicchi-recruiting.com\/wp-content\/uploads\/2024\/05\/joe.jpg\" class=\"attachment- size-\" alt=\"\" srcset=\"https:\/\/kapicchi-recruiting.com\/wp-content\/uploads\/2024\/05\/joe.jpg 800w, https:\/\/kapicchi-recruiting.com\/wp-content\/uploads\/2024\/05\/joe-427x400.jpg 427w, https:\/\/kapicchi-recruiting.com\/wp-content\/uploads\/2024\/05\/joe-768x720.jpg 768w, https:\/\/kapicchi-recruiting.com\/wp-content\/uploads\/2024\/05\/joe-13x12.jpg 13w\" sizes=\"auto, (max-width: 800px) 100vw, 800px\" \/>                         <\/div>\n          <\/div>\n         \n          <div class=\"box-text text-center\" style=\"background-color:rgb(255, 255, 255);padding:20px 20px 20px 20px;\">\n                <div class=\"box-text-inner\">\n                  <h4 class=\"uppercase\">\n                    <span class=\"person-name\">R. Cortez<\/span><br\/>\n                    <span class=\"person-title is-small thin-font op-7\">\n                                          <\/span>\n                  <\/h4>\n\t\t\t\t\t\n\n\t<div id=\"text-3451141305\" class=\"text\">\n\t\t\n\n<p>DIRECTOR GENERAL\u00a0<\/p>\n\t\t\n<style>\n#text-3451141305 {\n  color: rgb(0,0,0);\n}\n#text-3451141305 > * {\n  color: rgb(0,0,0);\n}\n<\/style>\n\t<\/div>\n\t\n\n                <\/div>\n          <\/div>\n    <\/div>\n\n\t\n    \n\n\t\t<\/div>\n\t\t\t\t\t<\/div>\n\n\t\n\n\t<div id=\"col-434709487\" class=\"col medium-4 small-12 large-4\"  >\n\t\t\t\t<div class=\"col-inner\"  >\n\t\t\t\n\t\t\t\n\n    <div class=\"box has-hover has-hover box-push box-text-bottom\" >\n\n                  <div class=\"box-image\" style=\"width:85%;\">\n           <div class=\"box-image-inner image-cover\" style=\"padding-top:100%;\">\n              <img loading=\"lazy\" decoding=\"async\" width=\"400\" height=\"406\" src=\"https:\/\/kapicchi-recruiting.com\/wp-content\/uploads\/2024\/05\/Francisca.jpg\" class=\"attachment- size-\" alt=\"\" srcset=\"https:\/\/kapicchi-recruiting.com\/wp-content\/uploads\/2024\/05\/Francisca.jpg 400w, https:\/\/kapicchi-recruiting.com\/wp-content\/uploads\/2024\/05\/Francisca-394x400.jpg 394w, https:\/\/kapicchi-recruiting.com\/wp-content\/uploads\/2024\/05\/Francisca-12x12.jpg 12w\" sizes=\"auto, (max-width: 400px) 100vw, 400px\" \/>                         <\/div>\n          <\/div>\n         \n          <div class=\"box-text text-center\" style=\"background-color:rgb(255, 255, 255);padding:20px 20px 20px 20px;\">\n                <div class=\"box-text-inner\">\n                  <h4 class=\"uppercase\">\n                    <span class=\"person-name\">F. Naarmann<\/span><br\/>\n                    <span class=\"person-title is-small thin-font op-7\">\n                                          <\/span>\n                  <\/h4>\n\t\t\t\t\t\n\n\t<div id=\"text-146454622\" class=\"text\">\n\t\t\n\n<p>Projektleiterin und Leiterin der Personalvermittlung<\/p>\n\t\t\n<style>\n#text-146454622 {\n  color: rgb(0,0,0);\n}\n#text-146454622 > * {\n  color: rgb(0,0,0);\n}\n<\/style>\n\t<\/div>\n\t\n\n                <\/div>\n          <\/div>\n    <\/div>\n\n\t\n    \n\n\t\t<\/div>\n\t\t\t\t\t<\/div>\n\n\t\n\n\t<div id=\"col-1380607498\" class=\"col medium-4 small-12 large-4\"  >\n\t\t\t\t<div class=\"col-inner\"  >\n\t\t\t\n\t\t\t\n\n    <div class=\"box has-hover has-hover box-push box-text-bottom\" >\n\n                  <div class=\"box-image\" style=\"width:85%;\">\n           <div class=\"box-image-inner image-cover\" style=\"padding-top:100%;\">\n              <img decoding=\"async\" src=\"https:\/\/kapicchi-recruiting.com\/wp-content\/themes\/flatsome\/assets\/img\/missing.jpg\" \/>                         <\/div>\n          <\/div>\n         \n          <div class=\"box-text text-center\" style=\"background-color:rgb(255, 255, 255);padding:20px 20px 20px 20px;\">\n                <div class=\"box-text-inner\">\n                  <h4 class=\"uppercase\">\n                    <span class=\"person-name\">ECO. Maria Jose Basurto<\/span><br\/>\n                    <span class=\"person-title is-small thin-font op-7\">\n                                          <\/span>\n                  <\/h4>\n\t\t\t\t\t\n\n\t<div id=\"text-2917720941\" class=\"text\">\n\t\t\n\n<pre id=\"tw-target-text\" class=\"tw-data-text tw-text-large tw-ta\" dir=\"ltr\" data-placeholder=\"Traducci\u00f3n\" aria-label=\"Texto traducido\" data-ved=\"2ahUKEwieyLnjmO2FAxVgfDABHYuoBGkQ3ewLegQIBRAU\"><span class=\"Y2IQFc\" lang=\"de\">Personalwesen<\/span><\/pre>\n\t\t\n<style>\n#text-2917720941 {\n  color: rgb(0,0,0);\n}\n#text-2917720941 > * {\n  color: rgb(0,0,0);\n}\n<\/style>\n\t<\/div>\n\t\n\n                <\/div>\n          <\/div>\n    <\/div>\n\n\t\n    \n\n\t\t<\/div>\n\t\t\t\t\t<\/div>\n\n\t\n\n\t<div id=\"col-46226066\" class=\"col medium-4 small-12 large-4\"  >\n\t\t\t\t<div class=\"col-inner\"  >\n\t\t\t\n\t\t\t\n\n    <div class=\"box has-hover has-hover box-push box-text-bottom\" >\n\n                  <div class=\"box-image\" style=\"width:85%;\">\n           <div class=\"box-image-inner image-cover\" style=\"padding-top:100%;\">\n              <img decoding=\"async\" src=\"https:\/\/kapicchi-recruiting.com\/wp-content\/themes\/flatsome\/assets\/img\/missing.jpg\" \/>                         <\/div>\n          <\/div>\n         \n          <div class=\"box-text text-center\" style=\"background-color:rgb(255, 255, 255);padding:20px 20px 20px 20px;\">\n                <div class=\"box-text-inner\">\n                  <h4 class=\"uppercase\">\n                    <span class=\"person-name\">ING. CARLOS JAVIER AVILES<\/span><br\/>\n                    <span class=\"person-title is-small thin-font op-7\">\n                                          <\/span>\n                  <\/h4>\n\t\t\t\t\t\n\n\t<div id=\"text-2056746630\" class=\"text\">\n\t\t\n\n<pre id=\"tw-target-text\" class=\"tw-data-text tw-text-large tw-ta\" dir=\"ltr\" data-placeholder=\"Traducci\u00f3n\" aria-label=\"Texto traducido\" data-ved=\"2ahUKEwiS847WnO2FAxVvSTABHWN3AugQ3ewLegQIBRAU\"><span class=\"Y2IQFc\" lang=\"de\">WERBEDIREKTOR<\/span><\/pre>\n\t\t\n<style>\n#text-2056746630 {\n  color: rgb(0,0,0);\n}\n#text-2056746630 > * {\n  color: rgb(0,0,0);\n}\n<\/style>\n\t<\/div>\n\t\n\n                <\/div>\n          <\/div>\n    <\/div>\n\n\t\n    \n\n\t\t<\/div>\n\t\t\t\t\t<\/div>\n\n\t\n\n<\/div>\n\n\t\t<\/div>\n\n\t\t\n<style>\n#section_1693183249 {\n  padding-top: 60px;\n  padding-bottom: 60px;\n  min-height: 300px;\n  background-color: rgb(193, 193, 193);\n}\n<\/style>\n\t<\/section>\n\t\n\n\t<section class=\"section\" id=\"section_364413331\">\n\t\t<div class=\"section-bg fill\" >\n\t\t\t\t\t\t\t\t\t\n\t\t\t\n\n\t\t<\/div>\n\n\t\t\n\n\t\t<div class=\"section-content relative\">\n\t\t\t\n\n<div class=\"row align-center\"  id=\"row-1232212753\">\n\n\n\t<div id=\"col-1214251843\" class=\"col small-12 large-12\"  >\n\t\t\t\t<div class=\"col-inner text-center\"  >\n\t\t\t\n\t\t\t\n\n\t<div id=\"text-2206199311\" class=\"text\">\n\t\t\n\n<p><\/p>\n<h2 class=\"uppercase\">NUESTROS SOCIOS<\/h2>\n\t\t\n<style>\n#text-2206199311 {\n  color: rgb(0,0,0);\n}\n#text-2206199311 > * {\n  color: rgb(0,0,0);\n}\n<\/style>\n\t<\/div>\n\t\n<div class=\"row align-center\"  id=\"row-211842561\">\n\n\n\t<div id=\"col-627434039\" class=\"col medium-12 small-12 large-10\"  >\n\t\t\t\t<div class=\"col-inner text-center\"  >\n\t\t\t\n\t\t\t\n\n\t<div id=\"gap-386406049\" class=\"gap-element clearfix\" style=\"display:block; height:auto;\">\n\t\t\n<style>\n#gap-386406049 {\n  padding-top: 40px;\n}\n<\/style>\n\t<\/div>\n\t\n\n<div class=\"row row-large\"  id=\"row-673788124\">\n\n\n\t<div id=\"col-1048984909\" class=\"col medium-4 small-6 large-4\"  >\n\t\t\t\t<div class=\"col-inner\"  >\n\t\t\t\n\t\t\t\n\n\t<div class=\"img has-hover x md-x lg-x y md-y lg-y\" id=\"image_1477837961\">\n\t\t<a class=\"\" href=\"https:\/\/www.aczepta-akademie.de\/home.html\" target=\"_blank\" rel=\"noopener\" >\t\t\t\t\t\t<div class=\"img-inner dark\" >\n\t\t\t<img loading=\"lazy\" decoding=\"async\" width=\"800\" height=\"289\" src=\"https:\/\/kapicchi-recruiting.com\/wp-content\/uploads\/2024\/05\/procredit-1.jpeg\" class=\"attachment-large size-large\" alt=\"\" srcset=\"https:\/\/kapicchi-recruiting.com\/wp-content\/uploads\/2024\/05\/procredit-1.jpeg 800w, https:\/\/kapicchi-recruiting.com\/wp-content\/uploads\/2024\/05\/procredit-1-768x277.jpeg 768w, https:\/\/kapicchi-recruiting.com\/wp-content\/uploads\/2024\/05\/procredit-1-18x7.jpeg 18w\" sizes=\"auto, (max-width: 800px) 100vw, 800px\" \/>\t\t\t\t\t\t\n\t\t\t\t\t<\/div>\n\t\t\t\t\t\t<\/a>\t\t\n<style>\n#image_1477837961 {\n  width: 100%;\n}\n<\/style>\n\t<\/div>\n\t\n\n\n\t\t<\/div>\n\t\t\t\t\t<\/div>\n\n\t\n\n\t<div id=\"col-1750241799\" class=\"col medium-4 small-6 large-4\"  >\n\t\t\t\t<div class=\"col-inner\"  >\n\t\t\t\n\t\t\t\n\n\t<div class=\"img has-hover x md-x lg-x y md-y lg-y\" id=\"image_83460729\">\n\t\t<a class=\"\" href=\"http:\/\/www.yukon-ka.de\/\" >\t\t\t\t\t\t<div class=\"img-inner dark\" >\n\t\t\t<img loading=\"lazy\" decoding=\"async\" width=\"800\" height=\"375\" src=\"https:\/\/kapicchi-recruiting.com\/wp-content\/uploads\/2024\/05\/2560px-Logo_UCSG-copia.jpg\" class=\"attachment-large size-large\" alt=\"\" srcset=\"https:\/\/kapicchi-recruiting.com\/wp-content\/uploads\/2024\/05\/2560px-Logo_UCSG-copia.jpg 800w, https:\/\/kapicchi-recruiting.com\/wp-content\/uploads\/2024\/05\/2560px-Logo_UCSG-copia-768x360.jpg 768w, https:\/\/kapicchi-recruiting.com\/wp-content\/uploads\/2024\/05\/2560px-Logo_UCSG-copia-18x8.jpg 18w\" sizes=\"auto, (max-width: 800px) 100vw, 800px\" \/>\t\t\t\t\t\t\n\t\t\t\t\t<\/div>\n\t\t\t\t\t\t<\/a>\t\t\n<style>\n#image_83460729 {\n  width: 100%;\n}\n<\/style>\n\t<\/div>\n\t\n\n\n\t\t<\/div>\n\t\t\t\t\t<\/div>\n\n\t\n\n\t<div id=\"col-9350310\" class=\"col medium-4 small-6 large-4\"  >\n\t\t\t\t<div class=\"col-inner\"  >\n\t\t\t\n\t\t\t\n\n\t<div class=\"img has-hover x md-x lg-x y md-y lg-y\" id=\"image_924252775\">\n\t\t<a class=\"\" href=\"https:\/\/www.lindenhof-gmbh.de\/lindenhof-alten-pflegeheim\" target=\"_blank\" rel=\"noopener\" >\t\t\t\t\t\t<div class=\"img-inner dark\" >\n\t\t\t<img loading=\"lazy\" decoding=\"async\" width=\"800\" height=\"331\" src=\"https:\/\/kapicchi-recruiting.com\/wp-content\/uploads\/2024\/05\/ca-1.jpg\" class=\"attachment-large size-large\" alt=\"\" srcset=\"https:\/\/kapicchi-recruiting.com\/wp-content\/uploads\/2024\/05\/ca-1.jpg 800w, https:\/\/kapicchi-recruiting.com\/wp-content\/uploads\/2024\/05\/ca-1-768x318.jpg 768w, https:\/\/kapicchi-recruiting.com\/wp-content\/uploads\/2024\/05\/ca-1-18x7.jpg 18w\" sizes=\"auto, (max-width: 800px) 100vw, 800px\" \/>\t\t\t\t\t\t\n\t\t\t\t\t<\/div>\n\t\t\t\t\t\t<\/a>\t\t\n<style>\n#image_924252775 {\n  width: 100%;\n}\n<\/style>\n\t<\/div>\n\t\n\n\n\t\t<\/div>\n\t\t\t\t\t<\/div>\n\n\t\n\n<\/div>\n\n\t\t<\/div>\n\t\t\t\t\n<style>\n#col-627434039 > .col-inner {\n  margin: 0px 0px -39px 0px;\n}\n<\/style>\n\t<\/div>\n\n\t\n\n<\/div>\n\n\t\t<\/div>\n\t\t\t\t\t<\/div>\n\n\t\n\n<\/div>\n\n\t\t<\/div>\n\n\t\t\n<style>\n#section_364413331 {\n  padding-top: 60px;\n  padding-bottom: 60px;\n  min-height: 300px;\n  background-color: rgb(245, 245, 245);\n}\n<\/style>\n\t<\/section>","protected":false},"excerpt":{"rendered":"","protected":false},"author":1,"featured_media":0,"parent":0,"menu_order":0,"comment_status":"closed","ping_status":"closed","template":"page-blank.php","meta":{"_monsterinsights_skip_tracking":false,"_monsterinsights_sitenote_active":false,"_monsterinsights_sitenote_note":"","_monsterinsights_sitenote_category":0,"_joinchat":[],"footnotes":""},"class_list":["post-71","page","type-page","status-publish","hentry"],"aioseo_notices":[],"_links":{"self":[{"href":"https:\/\/kapicchi-recruiting.com\/es\/wp-json\/wp\/v2\/pages\/71","targetHints":{"allow":["GET"]}}],"collection":[{"href":"https:\/\/kapicchi-recruiting.com\/es\/wp-json\/wp\/v2\/pages"}],"about":[{"href":"https:\/\/kapicchi-recruiting.com\/es\/wp-json\/wp\/v2\/types\/page"}],"author":[{"embeddable":true,"href":"https:\/\/kapicchi-recruiting.com\/es\/wp-json\/wp\/v2\/users\/1"}],"replies":[{"embeddable":true,"href":"https:\/\/kapicchi-recruiting.com\/es\/wp-json\/wp\/v2\/comments?post=71"}],"version-history":[{"count":31,"href":"https:\/\/kapicchi-recruiting.com\/es\/wp-json\/wp\/v2\/pages\/71\/revisions"}],"predecessor-version":[{"id":688,"href":"https:\/\/kapicchi-recruiting.com\/es\/wp-json\/wp\/v2\/pages\/71\/revisions\/688"}],"wp:attachment":[{"href":"https:\/\/kapicchi-recruiting.com\/es\/wp-json\/wp\/v2\/media?parent=71"}],"curies":[{"name":"wp","href":"https:\/\/api.w.org\/{rel}","templated":true}]}}