{"id":372,"date":"2024-03-23T05:13:38","date_gmt":"2024-03-23T04:13:38","guid":{"rendered":"https:\/\/kapicchi-recruiting.com\/?page_id=372"},"modified":"2024-08-02T16:32:11","modified_gmt":"2024-08-02T21:32:11","slug":"fachkrafte-gastgewerbe","status":"publish","type":"page","link":"https:\/\/kapicchi-recruiting.com\/es\/fachkrafte-gastgewerbe\/","title":{"rendered":"fachkrafte-gastgewerbe"},"content":{"rendered":"<section class=\"section\" id=\"section_317707237\">\n\t\t<div class=\"section-bg fill\" >\n\t\t\t<img loading=\"lazy\" decoding=\"async\" width=\"2000\" height=\"1476\" src=\"https:\/\/kapicchi-recruiting.com\/wp-content\/uploads\/2024\/05\/ab.jpg\" class=\"bg attachment- size-\" alt=\"\" \/>\t\t\t\t\t\t\n\t\t\t\n\n\t\t<\/div>\n\n\t\t\n\n\t\t<div class=\"section-content relative\">\n\t\t\t\n\n<div class=\"row align-center\"  id=\"row-1269547437\">\n\n\n\t<div id=\"col-421175807\" class=\"col medium-5 small-12 large-5\"  >\n\t\t\t\t<div class=\"col-inner text-center\" style=\"background-color:rgb(255,255,255);\" >\n\t\t\t\n\t\t\t\n\n\n\t\t<\/div>\n\t\t\t\t\n<style>\n#col-421175807 > .col-inner {\n  padding: 0px 0px 0px 0px;\n  margin: 0px 0px -108px 45px;\n  max-width: 246px;\n}\n@media (min-width:550px) {\n  #col-421175807 > .col-inner {\n    margin: 0px 0px 228px -267px;\n    max-width: 343px;\n  }\n}\n<\/style>\n\t<\/div>\n\n\t\n\n<\/div>\n\n\t\t<\/div>\n\n\t\t\n<style>\n#section_317707237 {\n  padding-top: 63px;\n  padding-bottom: 63px;\n  min-height: 357px;\n  background-color: rgb(245, 245, 245);\n}\n#section_317707237 .section-bg img {\n  object-position: 93% 53%;\n}\n@media (min-width:550px) {\n  #section_317707237 {\n    min-height: 749px;\n  }\n}\n<\/style>\n\t<\/section>\n\t\n\n\t<section class=\"section\" id=\"section_81344352\">\n\t\t<div class=\"section-bg fill\" >\n\t\t\t\t\t\t\t\t\t<div class=\"section-bg-overlay absolute fill\"><\/div>\n\t\t\t\n\n\t\t<\/div>\n\n\t\t\n\n\t\t<div class=\"section-content relative\">\n\t\t\t\n\n<div class=\"row row-full-width align-center\"  id=\"row-250259168\">\n\n\n\t<div id=\"col-683412238\" class=\"col medium-10 small-12 large-10\"  >\n\t\t\t\t<div class=\"col-inner text-center\"  >\n\t\t\t\n\t\t\t\n\n\t<div id=\"text-3759207731\" class=\"text\">\n\t\t\n\n<div class=\"flex-container w-container\">\n<h2 class=\"h2\" style=\"text-align: center;\"><strong>Vermittlungsablauf<\/strong><\/h2>\n<p class=\"paragraph-13\">Durch unsere individuelle Betreuung stellen wir eine hohe Zufriedenheit bei allen Parteien und eine langfristige Bindung der Fachkr\u00e4fte sicher.<\/p>\n<p>Die Vermittlung von ausl\u00e4ndischen Fachkr\u00e4ften kann ein komplexer Prozess sein, zu dem unz\u00e4hlige Beh\u00f6rdeng\u00e4nge und Formalit\u00e4ten geh\u00f6ren. Deshalb erledigen wir den gesamten Prozess, von der Kandidatenauswahl bis zur vollst\u00e4ndigen Approbation und allem was dazu geh\u00f6rt, w\u00e4hrend Sie sich auf Ihr Kerngesch\u00e4ft konzentrieren k\u00f6nnen.<\/p>\n<p class=\"paragraph-15\">.<\/p>\n<\/div>\n\t\t\n<style>\n#text-3759207731 {\n  font-size: 0.95rem;\n  text-align: left;\n  color: rgb(0,0,0);\n}\n#text-3759207731 > * {\n  color: rgb(0,0,0);\n}\n<\/style>\n\t<\/div>\n\t\n\t<div id=\"gap-840312120\" class=\"gap-element clearfix\" style=\"display:block; height:auto;\">\n\t\t\n<style>\n#gap-840312120 {\n  padding-top: 25px;\n}\n@media (min-width:550px) {\n  #gap-840312120 {\n    padding-top: 20px;\n  }\n}\n<\/style>\n\t<\/div>\n\t\n\n<div class=\"row row-small align-center\"  id=\"row-223448747\">\n\n\n\t<div id=\"col-916546153\" class=\"col medium-3 small-12 large-3\"  >\n\t\t\t\t<div class=\"col-inner text-center\"  >\n\t\t\t\n\t\t\t\n\n\t<div class=\"img has-hover x md-x lg-x y md-y lg-y\" id=\"image_1357833530\">\n\t\t\t\t\t\t\t\t<div class=\"img-inner dark\" >\n\t\t\t<img loading=\"lazy\" decoding=\"async\" width=\"1\" height=\"1\" src=\"https:\/\/kapicchi-recruiting.com\/wp-content\/uploads\/2024\/03\/23.svg\" class=\"attachment-large size-large\" alt=\"\" \/>\t\t\t\t\t\t\n\t\t\t\t\t<\/div>\n\t\t\t\t\t\t\t\t\n<style>\n#image_1357833530 {\n  width: 50%;\n}\n<\/style>\n\t<\/div>\n\t\n\n\t<div id=\"text-3124211535\" class=\"text\">\n\t\t\n\n<p style=\"text-align: center;\"><strong>An\u00e1lisis de sus necesidades de personal<\/strong><br \/><strong>\u200d<\/strong>Im ersten Schritt f\u00fchren wir ein Gespr\u00e4ch mit Ihnen, um Ihren Personalbedarf und Ihr ideales Bewerberprofil nach Ihrer Zeitplanung zu bestimmen; inklusive Anforderungen, Qualifikationen und Sprachkenntnissen.<\/p>\n\t\t\n<style>\n#text-3124211535 {\n  text-align: left;\n  color: rgb(0,0,0);\n}\n#text-3124211535 > * {\n  color: rgb(0,0,0);\n}\n<\/style>\n\t<\/div>\n\t\n\n\t\t<\/div>\n\t\t\t\t\t<\/div>\n\n\t\n\n\t<div id=\"col-1156647208\" class=\"col medium-3 small-12 large-3\"  >\n\t\t\t\t<div class=\"col-inner text-center\"  >\n\t\t\t\n\t\t\t\n\n\t<div class=\"img has-hover x md-x lg-x y md-y lg-y\" id=\"image_138519769\">\n\t\t\t\t\t\t\t\t<div class=\"img-inner dark\" >\n\t\t\t<img loading=\"lazy\" decoding=\"async\" width=\"1\" height=\"1\" src=\"https:\/\/kapicchi-recruiting.com\/wp-content\/uploads\/2024\/03\/24.svg\" class=\"attachment-large size-large\" alt=\"\" \/>\t\t\t\t\t\t\n\t\t\t\t\t<\/div>\n\t\t\t\t\t\t\t\t\n<style>\n#image_138519769 {\n  width: 50%;\n}\n<\/style>\n\t<\/div>\n\t\n\n\t<div id=\"text-1018262332\" class=\"text\">\n\t\t\n\n<p style=\"text-align: center;\"><strong>Especificaci\u00f3n de los perfiles de los candidatos\u00a0 <\/strong>Wir besprechen mit Ihnen, welche Qualifikationen, Arbeitserfahrungen, Sprachkenntnisse und ggf. Alter Ihre zuk\u00fcnftigen Mitarbeiter*innen mitbringen m\u00fcssen, um Ihre Einrichtung ideal zu unterst\u00fctzen.<\/p>\n<p>\u00a0<\/p>\n\t\t\n<style>\n#text-1018262332 {\n  text-align: left;\n  color: rgb(0,0,0);\n}\n#text-1018262332 > * {\n  color: rgb(0,0,0);\n}\n<\/style>\n\t<\/div>\n\t\n\n\t\t<\/div>\n\t\t\t\t\t<\/div>\n\n\t\n\n\t<div id=\"col-1536102557\" class=\"col medium-3 small-12 large-3\"  >\n\t\t\t\t<div class=\"col-inner text-center\"  >\n\t\t\t\n\t\t\t\n\n\t<div class=\"img has-hover x md-x lg-x y md-y lg-y\" id=\"image_688989980\">\n\t\t\t\t\t\t\t\t<div class=\"img-inner dark\" >\n\t\t\t<img loading=\"lazy\" decoding=\"async\" width=\"1\" height=\"1\" src=\"https:\/\/kapicchi-recruiting.com\/wp-content\/uploads\/2024\/03\/25.svg\" class=\"attachment-large size-large\" alt=\"\" \/>\t\t\t\t\t\t\n\t\t\t\t\t<\/div>\n\t\t\t\t\t\t\t\t\n<style>\n#image_688989980 {\n  width: 50%;\n}\n<\/style>\n\t<\/div>\n\t\n\n\t<div id=\"text-819719300\" class=\"text\">\n\t\t\n\n<p style=\"text-align: center;\"><strong>Vorauswahl der Fachkr\u00e4fte<\/strong><br \/>Basierend auf Ihrem Anforderungsprofil suchen wir geeignete Fachkr\u00e4fte aus unserem Bewerberpool f\u00fcr Sie aus. Durch unser mehrstufiges Auswahlverfahren stellen wir sicher, dass wir die Fachkr\u00e4fte finden, die perfekt zu Ihnen passen.<\/p>\n\t\t\n<style>\n#text-819719300 {\n  text-align: left;\n  color: rgb(0,0,0);\n}\n#text-819719300 > * {\n  color: rgb(0,0,0);\n}\n<\/style>\n\t<\/div>\n\t\n\n\t\t<\/div>\n\t\t\t\t\t<\/div>\n\n\t\n\n\t<div id=\"col-1429253573\" class=\"col medium-3 small-12 large-3\"  >\n\t\t\t\t<div class=\"col-inner text-center\"  >\n\t\t\t\n\t\t\t\n\n\t<div class=\"img has-hover x md-x lg-x y md-y lg-y\" id=\"image_1377531352\">\n\t\t\t\t\t\t\t\t<div class=\"img-inner dark\" >\n\t\t\t<img loading=\"lazy\" decoding=\"async\" width=\"1\" height=\"1\" src=\"https:\/\/kapicchi-recruiting.com\/wp-content\/uploads\/2024\/03\/26.svg\" class=\"attachment-large size-large\" alt=\"\" \/>\t\t\t\t\t\t\n\t\t\t\t\t<\/div>\n\t\t\t\t\t\t\t\t\n<style>\n#image_1377531352 {\n  width: 50%;\n}\n<\/style>\n\t<\/div>\n\t\n\n\t<div id=\"text-4077093951\" class=\"text\">\n\t\t\n\n<p style=\"text-align: center;\"><strong>Erste Interviews<br \/>\u200d<\/strong>Wir beginnen den Rekrutierungsprozess mit pers\u00f6nlichen Einzelinterviews. Hierbei erkl\u00e4ren wir allen Kandidaten transparent den Ablauf der Vermittlung und die Inhalte der Vertr\u00e4ge. Dabei sprechen auch \u00fcber ihre Ziele und Erwartungen sowie die des Krankenhauses. Vor allem pr\u00fcfen wir die Motivation der Bewerber, um einen langfristigen Aufenthalt in Ihrem Hause zu gew\u00e4hrleisten.<\/p>\n\t\t\n<style>\n#text-4077093951 {\n  text-align: left;\n  color: rgb(0,0,0);\n}\n#text-4077093951 > * {\n  color: rgb(0,0,0);\n}\n<\/style>\n\t<\/div>\n\t\n\n\t\t<\/div>\n\t\t\t\t\t<\/div>\n\n\t\n\n\t<div id=\"col-1173631971\" class=\"col medium-3 small-12 large-3\"  >\n\t\t\t\t<div class=\"col-inner text-center\"  >\n\t\t\t\n\t\t\t\n\n\t<div class=\"img has-hover x md-x lg-x y md-y lg-y\" id=\"image_2135461740\">\n\t\t\t\t\t\t\t\t<div class=\"img-inner dark\" >\n\t\t\t<img loading=\"lazy\" decoding=\"async\" width=\"1\" height=\"1\" src=\"https:\/\/kapicchi-recruiting.com\/wp-content\/uploads\/2024\/03\/37.svg\" class=\"attachment-large size-large\" alt=\"\" \/>\t\t\t\t\t\t\n\t\t\t\t\t<\/div>\n\t\t\t\t\t\t\t\t\n<style>\n#image_2135461740 {\n  width: 50%;\n}\n<\/style>\n\t<\/div>\n\t\n\n\t<div id=\"text-3979685350\" class=\"text\">\n\t\t\n\n<p style=\"text-align: center;\"><strong>Eignungspr\u00fcfung &amp; Auswalverfahren<\/strong><br \/>Im n\u00e4chten Schritt \u00fcberpr\u00fcfen wir die fachliche Eignung, Sprachkenntnisse und pers\u00f6nlichen Kompetenzen jedes Bewerbers sowie die psychologische Eignung. Dabei folgt das Einholen von Arbeitsreferenzen vorheriger Arbeitgeber und ggf. Referenzen der Universit\u00e4t \/ Schule.<\/p>\n\t\t\n<style>\n#text-3979685350 {\n  text-align: left;\n  color: rgb(0,0,0);\n}\n#text-3979685350 > * {\n  color: rgb(0,0,0);\n}\n<\/style>\n\t<\/div>\n\t\n\n\t\t<\/div>\n\t\t\t\t\t<\/div>\n\n\t\n\n\t<div id=\"col-1353825390\" class=\"col medium-3 small-12 large-3\"  >\n\t\t\t\t<div class=\"col-inner text-center\"  >\n\t\t\t\n\t\t\t\n\n\t<div class=\"img has-hover x md-x lg-x y md-y lg-y\" id=\"image_45160236\">\n\t\t\t\t\t\t\t\t<div class=\"img-inner dark\" >\n\t\t\t<img loading=\"lazy\" decoding=\"async\" width=\"1\" height=\"1\" src=\"https:\/\/kapicchi-recruiting.com\/wp-content\/uploads\/2024\/03\/38.svg\" class=\"attachment-large size-large\" alt=\"\" \/>\t\t\t\t\t\t\n\t\t\t\t\t<\/div>\n\t\t\t\t\t\t\t\t\n<style>\n#image_45160236 {\n  width: 50%;\n}\n<\/style>\n\t<\/div>\n\t\n\n\t<div id=\"text-3195634901\" class=\"text\">\n\t\t\n\n<p style=\"text-align: center;\"><strong>Vorstellungsgespr\u00e4che, Sprachausbildung &amp; Anerkennung \u00a0<\/strong>Wir stellen Ihnen die Lebensl\u00e4ufe der Kandidaten*innen vor, die unser mehrstufiges Auswahlverfahren erfolgreich bestanden haben und am besten zu Ihrem Bewerberprofil passen. Dann organisieren wir virtuelle Vorstellungsgespr\u00e4che, in denen Sie die Bewerber*innen kennenlernen k\u00f6nnen, deren Lebensl\u00e4ufe Ihnen am meisten zugesagt haben. Nach Ihrer Auswahl bereiten wir Ihre zukunftigen Mitarbeiter*innen auf den neuen Arbeitsbeginn vor. Darauf folgt unser Programm der Sprach- und Kulturvorbereitung.<\/p>\n\t\t\n<style>\n#text-3195634901 {\n  text-align: left;\n  color: rgb(0,0,0);\n}\n#text-3195634901 > * {\n  color: rgb(0,0,0);\n}\n<\/style>\n\t<\/div>\n\t\n\n\t\t<\/div>\n\t\t\t\t\t<\/div>\n\n\t\n\n\t<div id=\"col-1010109326\" class=\"col medium-3 small-12 large-3\"  >\n\t\t\t\t<div class=\"col-inner text-center\"  >\n\t\t\t\n\t\t\t\n\n\t<div class=\"img has-hover x md-x lg-x y md-y lg-y\" id=\"image_958050101\">\n\t\t\t\t\t\t\t\t<div class=\"img-inner dark\" >\n\t\t\t<img loading=\"lazy\" decoding=\"async\" width=\"1\" height=\"1\" src=\"https:\/\/kapicchi-recruiting.com\/wp-content\/uploads\/2024\/03\/39.svg\" class=\"attachment-large size-large\" alt=\"\" \/>\t\t\t\t\t\t\n\t\t\t\t\t<\/div>\n\t\t\t\t\t\t\t\t\n<style>\n#image_958050101 {\n  width: 50%;\n}\n<\/style>\n\t<\/div>\n\t\n\n\t<div id=\"text-256186700\" class=\"text\">\n\t\t\n\n<p style=\"text-align: center;\"><strong>Organizaci\u00f3n de la entrada<br \/>\u200d<\/strong>Wir organisieren die notwendigen Dokumente f\u00fcr das Visum, die Versicherungen, Einreise und den Anerkennungsprozess und unterst\u00fctzen Ihre Fachkr\u00e4fte pers\u00f6nlich bei allen b\u00fcrokratischen Prozessen vor und nach ihrer Ankunft in Deutschland.<\/p>\n\t\t\n<style>\n#text-256186700 {\n  text-align: left;\n  color: rgb(0, 0, 0);\n}\n#text-256186700 > * {\n  color: rgb(0, 0, 0);\n}\n<\/style>\n\t<\/div>\n\t\n\n\t\t<\/div>\n\t\t\t\t\t<\/div>\n\n\t\n\n\t<div id=\"col-1898418805\" class=\"col medium-3 small-12 large-3\"  >\n\t\t\t\t<div class=\"col-inner text-center\"  >\n\t\t\t\n\t\t\t\n\n\t<div class=\"img has-hover x md-x lg-x y md-y lg-y\" id=\"image_1958850833\">\n\t\t\t\t\t\t\t\t<div class=\"img-inner dark\" >\n\t\t\t<img loading=\"lazy\" decoding=\"async\" width=\"1\" height=\"1\" src=\"https:\/\/kapicchi-recruiting.com\/wp-content\/uploads\/2024\/03\/40.svg\" class=\"attachment-large size-large\" alt=\"\" \/>\t\t\t\t\t\t\n\t\t\t\t\t<\/div>\n\t\t\t\t\t\t\t\t\n<style>\n#image_1958850833 {\n  width: 50%;\n}\n<\/style>\n\t<\/div>\n\t\n\n\t<div id=\"text-984721789\" class=\"text\">\n\t\t\n\n<p style=\"text-align: center;\"><strong>Soporte e integraci\u00f3n\u00a0<br \/>\u200d<\/strong>Wir unterst\u00fctzen Sie und die Fachkr\u00e4fte pers\u00f6nlich beim Onboarding und der Integration. Auch nach Einstellung Ihrer neuen Mitarbeiter*innen stehen wir beiden Seiten als Ansprechpartner pers\u00f6nlich zur Verf\u00fcgung, um auch nachhaltig die Zufriedenheit aller zu gew\u00e4hrleisten.\u00a0<\/p>\n\t\t\n<style>\n#text-984721789 {\n  text-align: left;\n  color: rgb(0, 0, 0);\n}\n#text-984721789 > * {\n  color: rgb(0, 0, 0);\n}\n<\/style>\n\t<\/div>\n\t\n\n\t\t<\/div>\n\t\t\t\t\t<\/div>\n\n\t\n\n<\/div>\n\n\t\t<\/div>\n\t\t\t\t\t<\/div>\n\n\t\n\n<\/div>\n\n\t\t<\/div>\n\n\t\t\n<style>\n#section_81344352 {\n  padding-top: 60px;\n  padding-bottom: 60px;\n  min-height: 300px;\n  background-color: rgb(255, 255, 255);\n}\n#section_81344352 .section-bg-overlay {\n  background-color: rgba(202, 202, 202, 0.308);\n}\n<\/style>\n\t<\/section>\n\t\n\n\t<section class=\"section\" id=\"section_1904242339\">\n\t\t<div class=\"section-bg fill\" >\n\t\t\t\t\t\t\t\t\t\n\t\t\t\n\n\t\t<\/div>\n\n\t\t\n\n\t\t<div class=\"section-content relative\">\n\t\t\t\n\n<div class=\"row align-center\"  id=\"row-2051866302\">\n\n\n\t<div id=\"col-840860830\" class=\"col medium-10 small-12 large-10\"  >\n\t\t\t\t<div class=\"col-inner text-center\"  >\n\t\t\t\n\t\t\t\n\n\t<div id=\"text-3279880710\" class=\"text\">\n\t\t\n\n<div class=\"flex-container w-container\">\n<h2 class=\"h2\" style=\"text-align: center;\"><span style=\"color: #000000; font-size: 130%;\">Unsere Komplettl\u00f6sung f\u00fcr Ihre Einrichtung<\/span><\/h2>\n<p class=\"paragraph-13\">La satisfacci\u00f3n de todos los involucrados es importante para nosotros. Nos gustar\u00eda ser su socio para encontrar los especialistas adecuados para sus instalaciones. Te ofrecemos la siguiente seguridad:<\/p>\n<\/div>\n\t\t\n<style>\n#text-3279880710 {\n  font-size: 0.95rem;\n  text-align: left;\n  color: rgb(0,0,0);\n}\n#text-3279880710 > * {\n  color: rgb(0,0,0);\n}\n<\/style>\n\t<\/div>\n\t\n\t<div id=\"gap-487538831\" class=\"gap-element clearfix\" style=\"display:block; height:auto;\">\n\t\t\n<style>\n#gap-487538831 {\n  padding-top: 25px;\n}\n@media (min-width:550px) {\n  #gap-487538831 {\n    padding-top: 20px;\n  }\n}\n<\/style>\n\t<\/div>\n\t\n\n<div class=\"row row-large\"  id=\"row-1145330512\">\n\n\n\t<div id=\"col-1987597371\" class=\"col medium-4 small-12 large-4\"  >\n\t\t\t\t<div class=\"col-inner text-center\"  >\n\t\t\t\n\t\t\t\n\n\t<div class=\"img has-hover x md-x lg-x y md-y lg-y\" id=\"image_1097432187\">\n\t\t\t\t\t\t\t\t<div class=\"img-inner dark\" >\n\t\t\t<img loading=\"lazy\" decoding=\"async\" width=\"1\" height=\"1\" src=\"https:\/\/kapicchi-recruiting.com\/wp-content\/uploads\/2024\/03\/27.svg\" class=\"attachment-large size-large\" alt=\"\" \/>\t\t\t\t\t\t\n\t\t\t\t\t<\/div>\n\t\t\t\t\t\t\t\t\n<style>\n#image_1097432187 {\n  width: 52%;\n}\n<\/style>\n\t<\/div>\n\t\n\n\t<div id=\"text-911224187\" class=\"text\">\n\t\t\n\n<p>Alle Kandidaten*innen werden pers\u00f6nlich und mit gro\u00dfer Sorgfalt ausgew\u00e4hlt.<\/p>\n\t\t\n<style>\n#text-911224187 {\n  color: rgb(0,0,0);\n}\n#text-911224187 > * {\n  color: rgb(0,0,0);\n}\n<\/style>\n\t<\/div>\n\t\n\n\t\t<\/div>\n\t\t\t\t\t<\/div>\n\n\t\n\n\t<div id=\"col-1844514648\" class=\"col medium-4 small-12 large-4\"  >\n\t\t\t\t<div class=\"col-inner text-center\"  >\n\t\t\t\n\t\t\t\n\n\t<div class=\"img has-hover x md-x lg-x y md-y lg-y\" id=\"image_87969506\">\n\t\t\t\t\t\t\t\t<div class=\"img-inner dark\" >\n\t\t\t<img loading=\"lazy\" decoding=\"async\" width=\"1\" height=\"1\" src=\"https:\/\/kapicchi-recruiting.com\/wp-content\/uploads\/2024\/03\/27.svg\" class=\"attachment-large size-large\" alt=\"\" \/>\t\t\t\t\t\t\n\t\t\t\t\t<\/div>\n\t\t\t\t\t\t\t\t\n<style>\n#image_87969506 {\n  width: 52%;\n}\n<\/style>\n\t<\/div>\n\t\n\n\t<div id=\"text-2468384423\" class=\"text\">\n\t\t\n\n<p>Die Grundvoraussetzung f\u00fcr einen Einsatz in Ihrer Einrichtung sind die beruflichen und pers\u00f6nlichen Qualifikationen sowie Ihre fachlichen und sprachlichen Anforderungen.<\/p>\n\t\t\n<style>\n#text-2468384423 {\n  color: rgb(0,0,0);\n}\n#text-2468384423 > * {\n  color: rgb(0,0,0);\n}\n<\/style>\n\t<\/div>\n\t\n\n\t\t<\/div>\n\t\t\t\t\t<\/div>\n\n\t\n\n\t<div id=\"col-1937965316\" class=\"col medium-4 small-12 large-4\"  >\n\t\t\t\t<div class=\"col-inner text-center\"  >\n\t\t\t\n\t\t\t\n\n\t<div class=\"img has-hover x md-x lg-x y md-y lg-y\" id=\"image_1650002063\">\n\t\t\t\t\t\t\t\t<div class=\"img-inner dark\" >\n\t\t\t<img loading=\"lazy\" decoding=\"async\" width=\"1\" height=\"1\" src=\"https:\/\/kapicchi-recruiting.com\/wp-content\/uploads\/2024\/03\/27.svg\" class=\"attachment-large size-large\" alt=\"\" \/>\t\t\t\t\t\t\n\t\t\t\t\t<\/div>\n\t\t\t\t\t\t\t\t\n<style>\n#image_1650002063 {\n  width: 52%;\n}\n<\/style>\n\t<\/div>\n\t\n\n\t<div id=\"text-3957155809\" class=\"text\">\n\t\t\n\n<p>Wir begleiten das gesamte berufliche Anerkennungsverfahren.<\/p>\n\t\t\n<style>\n#text-3957155809 {\n  color: rgb(0,0,0);\n}\n#text-3957155809 > * {\n  color: rgb(0,0,0);\n}\n<\/style>\n\t<\/div>\n\t\n\n\t\t<\/div>\n\t\t\t\t\t<\/div>\n\n\t\n\n\t<div id=\"col-840788262\" class=\"col medium-4 small-12 large-4\"  >\n\t\t\t\t<div class=\"col-inner text-center\"  >\n\t\t\t\n\t\t\t\n\n\t<div class=\"img has-hover x md-x lg-x y md-y lg-y\" id=\"image_2083766573\">\n\t\t\t\t\t\t\t\t<div class=\"img-inner dark\" >\n\t\t\t<img loading=\"lazy\" decoding=\"async\" width=\"1\" height=\"1\" src=\"https:\/\/kapicchi-recruiting.com\/wp-content\/uploads\/2024\/03\/27.svg\" class=\"attachment-large size-large\" alt=\"\" \/>\t\t\t\t\t\t\n\t\t\t\t\t<\/div>\n\t\t\t\t\t\t\t\t\n<style>\n#image_2083766573 {\n  width: 52%;\n}\n<\/style>\n\t<\/div>\n\t\n\n\t<div id=\"text-3724313593\" class=\"text\">\n\t\t\n\n<p>Alle notwendigen Aufenthalts- und Arbeitsgenehmigungen werden von uns organisiert.<\/p>\n\t\t\n<style>\n#text-3724313593 {\n  color: rgb(0,0,0);\n}\n#text-3724313593 > * {\n  color: rgb(0,0,0);\n}\n<\/style>\n\t<\/div>\n\t\n\n\t\t<\/div>\n\t\t\t\t\t<\/div>\n\n\t\n\n\t<div id=\"col-47248022\" class=\"col medium-4 small-12 large-4\"  >\n\t\t\t\t<div class=\"col-inner text-center\"  >\n\t\t\t\n\t\t\t\n\n\t<div class=\"img has-hover x md-x lg-x y md-y lg-y\" id=\"image_1714837348\">\n\t\t\t\t\t\t\t\t<div class=\"img-inner dark\" >\n\t\t\t<img loading=\"lazy\" decoding=\"async\" width=\"1\" height=\"1\" src=\"https:\/\/kapicchi-recruiting.com\/wp-content\/uploads\/2024\/03\/27.svg\" class=\"attachment-large size-large\" alt=\"\" \/>\t\t\t\t\t\t\n\t\t\t\t\t<\/div>\n\t\t\t\t\t\t\t\t\n<style>\n#image_1714837348 {\n  width: 52%;\n}\n<\/style>\n\t<\/div>\n\t\n\n\t<div id=\"text-1514446859\" class=\"text\">\n\t\t\n\n<p>Wir gestalten mit Ihnen eine nachhaltige Integration und sind immer f\u00fcr Sie und unsere Kandidaten*innen erreichbar.<\/p>\n\t\t\n<style>\n#text-1514446859 {\n  color: rgb(0,0,0);\n}\n#text-1514446859 > * {\n  color: rgb(0,0,0);\n}\n<\/style>\n\t<\/div>\n\t\n\n\t\t<\/div>\n\t\t\t\t\t<\/div>\n\n\t\n\n\t<div id=\"col-395917248\" class=\"col medium-4 small-12 large-4\"  >\n\t\t\t\t<div class=\"col-inner text-center\"  >\n\t\t\t\n\t\t\t\n\n\t<div class=\"img has-hover x md-x lg-x y md-y lg-y\" id=\"image_1090666707\">\n\t\t\t\t\t\t\t\t<div class=\"img-inner dark\" >\n\t\t\t<img loading=\"lazy\" decoding=\"async\" width=\"1\" height=\"1\" src=\"https:\/\/kapicchi-recruiting.com\/wp-content\/uploads\/2024\/03\/27.svg\" class=\"attachment-large size-large\" alt=\"\" \/>\t\t\t\t\t\t\n\t\t\t\t\t<\/div>\n\t\t\t\t\t\t\t\t\n<style>\n#image_1090666707 {\n  width: 52%;\n}\n<\/style>\n\t<\/div>\n\t\n\n\t<div id=\"text-820336125\" class=\"text\">\n\t\t\n\n<p>Wir unterst\u00fctzen die Fachkr\u00e4fte u.a. bei der Wohnungssuche, Anmeldung zu einer gesetzlichen Krankenkasse, Einwohneranmeldung, Kontoer\u00f6ffnung, Beantragung einer SV-Nummmer.<\/p>\n\t\t\n<style>\n#text-820336125 {\n  color: rgb(0,0,0);\n}\n#text-820336125 > * {\n  color: rgb(0,0,0);\n}\n<\/style>\n\t<\/div>\n\t\n\n\t\t<\/div>\n\t\t\t\t\t<\/div>\n\n\t\n\n<\/div>\n\n\t\t<\/div>\n\t\t\t\t\t<\/div>\n\n\t\n\n<\/div>\n\n\t\t<\/div>\n\n\t\t\n<style>\n#section_1904242339 {\n  padding-top: 60px;\n  padding-bottom: 60px;\n  min-height: 300px;\n}\n<\/style>\n\t<\/section>\n\t\n\n\t<section class=\"section\" id=\"section_1359287441\">\n\t\t<div class=\"section-bg fill\" >\n\t\t\t\t\t\t\t\t\t\n\t\t\t\n\n\t\t<\/div>\n\n\t\t\n\n\t\t<div class=\"section-content relative\">\n\t\t\t\n\n<div class=\"row align-center\"  id=\"row-684072360\">\n\n\n\t<div id=\"col-1895673592\" class=\"col medium-10 small-12 large-10\"  >\n\t\t\t\t<div class=\"col-inner text-left\"  >\n\t\t\t\n\t\t\t\n\n\t<div id=\"text-3260435417\" class=\"text\">\n\t\t\n\n<p>\u00a0<\/p>\n<h2 class=\"uppercase\" style=\"text-align: center;\">\u00a1CONCIERTE UNA CONSULTA!<\/h2>\n<p>\u00bfLe gustar\u00eda saber m\u00e1s sobre c\u00f3mo podemos ayudarle de forma eficaz y ventajosa a atraer a los empleados adecuados para usted?<br \/>Estaremos encantados de asesorarle de forma gratuita y sin compromiso sobre qu\u00e9 soluci\u00f3n es la m\u00e1s eficaz para sus instalaciones.<\/p>\n\t\t\n<style>\n#text-3260435417 {\n  text-align: left;\n  color: rgb(0,0,0);\n}\n#text-3260435417 > * {\n  color: rgb(0,0,0);\n}\n<\/style>\n\t<\/div>\n\t\n\n<div class=\"wpcf7 no-js\" id=\"wpcf7-f7-o1\" lang=\"es-ES\" dir=\"ltr\" data-wpcf7-id=\"7\">\n<div class=\"screen-reader-response\"><p role=\"status\" aria-live=\"polite\" aria-atomic=\"true\"><\/p> <ul><\/ul><\/div>\n<form action=\"\/es\/wp-json\/wp\/v2\/pages\/372#wpcf7-f7-o1\" method=\"post\" class=\"wpcf7-form init\" aria-label=\"Formulario de contacto\" novalidate=\"novalidate\" data-status=\"init\" data-trp-original-action=\"\/es\/wp-json\/wp\/v2\/pages\/372#wpcf7-f7-o1\">\n<div style=\"display: none;\">\n<input type=\"hidden\" name=\"_wpcf7\" value=\"7\" \/>\n<input type=\"hidden\" name=\"_wpcf7_version\" value=\"6.0.3\" \/>\n<input type=\"hidden\" name=\"_wpcf7_locale\" value=\"es_ES\" \/>\n<input type=\"hidden\" name=\"_wpcf7_unit_tag\" value=\"wpcf7-f7-o1\" \/>\n<input type=\"hidden\" name=\"_wpcf7_container_post\" value=\"0\" \/>\n<input type=\"hidden\" name=\"_wpcf7_posted_data_hash\" value=\"\" \/>\n<\/div>\n<div class=\"cf-container\">\n\t<div class=\"cf-col-6\">\n\t\t<p>Nombre* <span class=\"wpcf7-form-control-wrap\" data-name=\"text-96\"><input size=\"40\" maxlength=\"400\" class=\"wpcf7-form-control wpcf7-text wpcf7-validates-as-required\" aria-required=\"true\" aria-invalid=\"false\" placeholder=\"Nombre\" value=\"\" type=\"text\" name=\"text-96\" \/><\/span>\n\t\t<\/p>\n\t<\/div>\n\t<div class=\"cf-col-6\">\n\t\t<p>Nombre de su empresa\/instituci\u00f3n* <span class=\"wpcf7-form-control-wrap\" data-name=\"text-150\"><input size=\"40\" maxlength=\"400\" class=\"wpcf7-form-control wpcf7-text wpcf7-validates-as-required\" aria-required=\"true\" aria-invalid=\"false\" placeholder=\"Nombre de su empresa\/instituci\u00f3n\" value=\"\" type=\"text\" name=\"text-150\" \/><\/span>\n\t\t<\/p>\n\t<\/div>\n\t<div class=\"cf-col-6\">\n\t\t<p>Direcci\u00f3n de correo electr\u00f3nico* <span class=\"wpcf7-form-control-wrap\" data-name=\"email-781\"><input size=\"40\" maxlength=\"400\" class=\"wpcf7-form-control wpcf7-email wpcf7-validates-as-required wpcf7-text wpcf7-validates-as-email\" aria-required=\"true\" aria-invalid=\"false\" placeholder=\"Direcci\u00f3n de correo electr\u00f3nico\" value=\"\" type=\"email\" name=\"email-781\" \/><\/span>\n\t\t<\/p>\n\t<\/div>\n\t<div class=\"cf-col-6\">\n\t\t<p>N\u00famero de tel\u00e9fono* <span class=\"wpcf7-form-control-wrap\" data-name=\"tel-422\"><input size=\"40\" maxlength=\"400\" class=\"wpcf7-form-control wpcf7-tel wpcf7-validates-as-required wpcf7-text wpcf7-validates-as-tel\" aria-required=\"true\" aria-invalid=\"false\" placeholder=\"N\u00famero de tel\u00e9fono\" value=\"\" type=\"tel\" name=\"tel-422\" \/><\/span>\n\t\t<\/p>\n\t<\/div>\n\t<div class=\"cf-col-12\">\n\t\t<p>Tu petici\u00f3n: <span class=\"wpcf7-form-control-wrap\" data-name=\"textarea-358\"><textarea cols=\"40\" rows=\"10\" maxlength=\"2000\" class=\"wpcf7-form-control wpcf7-textarea wpcf7-validates-as-required\" aria-required=\"true\" aria-invalid=\"false\" placeholder=\"Tu petici\u00f3n:\" name=\"textarea-358\"><\/textarea><\/span>\n\t\t<\/p>\n\t<\/div>\n\t<p><input class=\"wpcf7-form-control wpcf7-submit has-spinner\" type=\"submit\" value=\"Enviar\" \/>\n\t<\/p>\n<\/div><div class=\"wpcf7-response-output\" aria-hidden=\"true\"><\/div>\n<input type=\"hidden\" name=\"trp-form-language\" value=\"es\"\/><\/form>\n<\/div>\n\n\n\n\t\t<\/div>\n\t\t\t\t\t<\/div>\n\n\t\n\n<\/div>\n\n\t\t<\/div>\n\n\t\t\n<style>\n#section_1359287441 {\n  padding-top: 60px;\n  padding-bottom: 60px;\n  min-height: 300px;\n  background-color: rgb(123, 192, 210);\n}\n<\/style>\n\t<\/section>","protected":false},"excerpt":{"rendered":"","protected":false},"author":1,"featured_media":0,"parent":0,"menu_order":0,"comment_status":"closed","ping_status":"closed","template":"page-blank.php","meta":{"_monsterinsights_skip_tracking":false,"_monsterinsights_sitenote_active":false,"_monsterinsights_sitenote_note":"","_monsterinsights_sitenote_category":0,"_joinchat":[],"footnotes":""},"class_list":["post-372","page","type-page","status-publish","hentry"],"aioseo_notices":[],"_links":{"self":[{"href":"https:\/\/kapicchi-recruiting.com\/es\/wp-json\/wp\/v2\/pages\/372","targetHints":{"allow":["GET"]}}],"collection":[{"href":"https:\/\/kapicchi-recruiting.com\/es\/wp-json\/wp\/v2\/pages"}],"about":[{"href":"https:\/\/kapicchi-recruiting.com\/es\/wp-json\/wp\/v2\/types\/page"}],"author":[{"embeddable":true,"href":"https:\/\/kapicchi-recruiting.com\/es\/wp-json\/wp\/v2\/users\/1"}],"replies":[{"embeddable":true,"href":"https:\/\/kapicchi-recruiting.com\/es\/wp-json\/wp\/v2\/comments?post=372"}],"version-history":[{"count":44,"href":"https:\/\/kapicchi-recruiting.com\/es\/wp-json\/wp\/v2\/pages\/372\/revisions"}],"predecessor-version":[{"id":686,"href":"https:\/\/kapicchi-recruiting.com\/es\/wp-json\/wp\/v2\/pages\/372\/revisions\/686"}],"wp:attachment":[{"href":"https:\/\/kapicchi-recruiting.com\/es\/wp-json\/wp\/v2\/media?parent=372"}],"curies":[{"name":"wp","href":"https:\/\/api.w.org\/{rel}","templated":true}]}}