{"id":31,"date":"2024-03-22T03:57:50","date_gmt":"2024-03-22T02:57:50","guid":{"rendered":"https:\/\/kapicchi-recruiting.com\/?page_id=31"},"modified":"2024-08-02T16:51:00","modified_gmt":"2024-08-02T21:51:00","slug":"home","status":"publish","type":"page","link":"https:\/\/kapicchi-recruiting.com\/es\/","title":{"rendered":"INICIO"},"content":{"rendered":"<section class=\"section\" id=\"section_1726842228\">\n\t\t<div class=\"section-bg fill\" >\n\t\t\t<img loading=\"lazy\" decoding=\"async\" width=\"2000\" height=\"1335\" src=\"https:\/\/kapicchi-recruiting.com\/wp-content\/uploads\/2024\/03\/3.jpg\" class=\"bg attachment- size-\" alt=\"\" \/>\t\t\t\t\t\t\n\t\t\t\n\n\t\t<\/div>\n\n\t\t\n\n\t\t<div class=\"section-content relative\">\n\t\t\t\n\n<div class=\"row align-center\"  id=\"row-937833213\">\n\n\n\t<div id=\"col-1100231400\" class=\"col medium-5 small-12 large-5\"  >\n\t\t\t\t<div class=\"col-inner text-center\" style=\"background-color:rgb(255,255,255);\" >\n\t\t\t\n\t\t\t\n\n\n\t\t<\/div>\n\t\t\t\t\n<style>\n#col-1100231400 > .col-inner {\n  margin: 0px 0px 164px 0px;\n}\n@media (min-width:550px) {\n  #col-1100231400 > .col-inner {\n    margin: 0px 0px 173px 250px;\n  }\n}\n<\/style>\n\t<\/div>\n\n\t\n\n<\/div>\n\n\t\t<\/div>\n\n\t\t\n<style>\n#section_1726842228 {\n  padding-top: 60px;\n  padding-bottom: 60px;\n  min-height: 541px;\n  background-color: rgb(245, 245, 245);\n}\n<\/style>\n\t<\/section>\n\t\n\n\t<section class=\"section\" id=\"section_498204486\">\n\t\t<div class=\"section-bg fill\" >\n\t\t\t\t\t\t\t\t\t\n\t\t\t\n\n\t\t<\/div>\n\n\t\t\n\n\t\t<div class=\"section-content relative\">\n\t\t\t\n\n<div class=\"row align-center\"  id=\"row-585756854\">\n\n\n\t<div id=\"col-1169256503\" class=\"col medium-10 small-12 large-10\"  >\n\t\t\t\t<div class=\"col-inner text-center\"  >\n\t\t\t\n\t\t\t\n\n\t<div id=\"text-2930670594\" class=\"text\">\n\t\t\n\n<p><span style=\"font-size: 140%;\"><strong>Ihr Vertauenspartner f\u00fcr die Vermittlung von internationalen, hochmotivierten Fachkr<span style=\"font-size: 110%;\">\u00e4<\/span>ften und Auszubildenden im Gesundheitswesen<\/strong><\/span><\/p>\n<p><span style=\"font-size: 110%;\">Wir sind eine Deutsch-Ecuadorianische Recruiting- und Vermittlungsagentur, die sowohl in Deutschland als auch in Ecuador erfolgreich operiert und <strong>pers\u00f6nlich vertreten ist<\/strong>. Wir garantieren z\u00fcgige und personalisierte Kommunikation und arbeiten nach hohen deutschen Qualit\u00e4tsstandards.<\/span><\/p>\n\t\t\n<style>\n#text-2930670594 {\n  color: rgb(0,0,0);\n}\n#text-2930670594 > * {\n  color: rgb(0,0,0);\n}\n<\/style>\n\t<\/div>\n\t\n\n\t\t<\/div>\n\t\t\t\t\t<\/div>\n\n\t\n\n<\/div>\n\n\t\t<\/div>\n\n\t\t\n<style>\n#section_498204486 {\n  padding-top: 60px;\n  padding-bottom: 60px;\n  min-height: 300px;\n  background-color: rgb(253, 194, 42);\n}\n<\/style>\n\t<\/section>\n\t\n\n\t<section class=\"section\" id=\"section_195095249\">\n\t\t<div class=\"section-bg fill\" >\n\t\t\t\t\t\t\t\t\t<div class=\"section-bg-overlay absolute fill\"><\/div>\n\t\t\t\n\n\t\t<\/div>\n\n\t\t\n\t<div class=\"ux-shape-divider ux-shape-divider--bottom ux-shape-divider--style-waves-opacity-3 ux-shape-divider--flip ux-shape-divider--to-front\">\n\t\t<svg viewbox=\"0 0 1000 300\" xmlns=\"http:\/\/www.w3.org\/2000\/svg\" preserveaspectratio=\"none\">\n\t<path class=\"ux-shape-fill\" opacity=\"0.05\" d=\"M1014 264V386H206L34 300C34 300 344.42 277.16 436 221C542 156 590 160 704 209C811 255 899.11 214.94 979 346L1014 264Z\"\/>\n\t<path class=\"ux-shape-fill\" opacity=\"0.1\" d=\"M-302 55C-302 55 -66.73 263.25 50 214C178 160 283 116 353 141C445.68 174.1 534.28 256.19 588 249C692.9 235 764.52 75.94 855 131C940.61 183.09 1000 254 1000 254V328L-306 338L-302 55Z\"\/>\n\t<path class=\"ux-shape-fill\" opacity=\"0.15\" d=\"M-286 255C-286 255 -72 152 52 126C176 100 255 155 436 227C581.57 284.91 614.7 277.79 708 227C787 184 1009 3.0001 1093 164C1146 265.63 1031 293 1031 293L924 377L-288 389L-286 255Z\"\/>\n\t<path class=\"ux-shape-fill\" opacity=\"0.3\" d=\"M-24 69C-24 69 275.68 370.66 389 314C397 310 622 316 673 356C690.47 369.7 845 224 890 182C944.8 130.85 1018 92 1078 143C1154.12 207.7 1196 242 1196 242L1184 374L-28 386L-24 69Z\"\/>\n\t<path class=\"ux-shape-fill\" d=\"M-12 201C-12 201 58 284 182 258C306 232 342.29 221.23 456 264C565 305 640.82 288.36 721 249C776 222 837.5 191.31 935 253C984 284 1030 279 1030 279L1024 430L-12 440V201Z\"\/>\n<\/svg>\n\t<\/div>\n\n\t\t<div class=\"section-content relative\">\n\t\t\t\n\n<div class=\"row row-collapse row-full-width align-middle\"  id=\"row-1766032215\">\n\n\n\t<div id=\"col-772824892\" class=\"col medium-6 small-12 large-6\"  >\n\t\t\t\t<div class=\"col-inner text-left\"  >\n\t\t\t\n\t\t\t\n\n\t<div id=\"text-864353086\" class=\"text\">\n\t\t\n\n<h2 style=\"text-align: left;\"><span style=\"font-size: 110%;\">Was bieten wir an?<\/span><\/h2>\n<p style=\"text-align: left;\"><span style=\"font-size: 110%;\"><strong>Fachkr\u00e4ftemangel? K\u00f6nnen wir gemeinsam l\u00f6sen!<\/strong><\/span><\/p>\n<p style=\"text-align: left;\"><span style=\"font-size: 110%;\">Durch unsere jahrelange Erfahrung und die richtige Strategie rekrutieren wir medizinische Fachkr\u00e4fte f\u00fcr Ihre Einrichtung. <\/span><\/p>\n<p style=\"text-align: left;\"><span style=\"font-size: 110%;\">Unser Ziel ist ein unkomplizierter Ablauf und die Zufriedenheit aller Beteiligten. Mit uns finden Sie \u00c4rztinnen und \u00c4rzte, Krankenpflegefachkr\u00e4fte sowie Altenpflegekr\u00e4fte, die Ihr Team professionell und vor allem menschlich bereichern.<\/span><\/p>\n<p><span style=\"font-size: 110%;\">Bei Kapicchi steht der Mensch im Mittelpunkt. Wir sind \u00fcberzeugt, dass zufriedene Mitarbeiter eine bessere Versorgung leisten. Daher setzen wir als Rekrutierer und Personalvermitter im Gesundheitswesen und Sozialwesen alles daran, dass Arbeitgeber und Arbeitnehmer optimal zueinander passen und langfristig voneinander profitieren.<\/span><\/p>\n<p><span style=\"font-size: 110%;\">Als Ihr Partner in der Personalvermittlung im Gesundheitswesen ermitteln wir in enger Zusammenarbeit mit Ihnen den Personalbedarf. Wir ber\u00fccksichtigen alle Information, die uns helfen, unter allen Bewerbern das f\u00fcr Sie passende Fachpersonal zu finden. Auf Basis eines ganzheitlichen und ma\u00dfgeschneiderten Konzepts bieten wir Ihnen verschiedene L\u00f6sungsans\u00e4tze an. Aus unserem Netzwerk filtern wir die Kandidaten heraus, deren Ausbildung und Berufserfahrung genau zu Ihren Anspr\u00fcchen passen. Dass wir medizinisch hoch qualifiziertes Personal vermitteln, ist kein Zufall, sondern beruht auf unserer fundierten Erfahrung und umfassendem Branchen-Know-how.<\/span><\/p>\n\t\t\n<style>\n#text-864353086 {\n  font-size: 1rem;\n  line-height: 1.45;\n  color: rgb(0,0,0);\n}\n#text-864353086 > * {\n  color: rgb(0,0,0);\n}\n<\/style>\n\t<\/div>\n\t\n<a href=\"https:\/\/kapicchi-recruiting.com\/es\/fachkrafte-technik-industrie\/\" class=\"button primary\"  >\n\t\t<span>M\u00c1S INFORMACI\u00d3N<\/span>\n\t<\/a>\n\n\n\n\t\t<\/div>\n\t\t\t\t\n<style>\n#col-772824892 > .col-inner {\n  padding: 0px 0px 0px 0px;\n  margin: -49px 1px 280px 6px;\n  max-width: 800px;\n}\n@media (min-width:550px) {\n  #col-772824892 > .col-inner {\n    padding: 0px 0px 0px 0px;\n    margin: 20px 1px 299px 172px;\n  }\n}\n<\/style>\n\t<\/div>\n\n\t\n\n\t<div id=\"col-1410188790\" class=\"col medium-6 small-12 large-6\"  >\n\t\t\t\t<div class=\"col-inner\"  >\n\t\t\t\n\t\t\t\n\n\t<div class=\"img has-hover x md-x lg-x y md-y lg-y\" id=\"image_1491559427\">\n\t\t\t\t\t\t\t\t<div class=\"img-inner dark\" style=\"margin:0px 0px 0px -100px;\">\n\t\t\t<img loading=\"lazy\" decoding=\"async\" width=\"768\" height=\"677\" src=\"https:\/\/kapicchi-recruiting.com\/wp-content\/uploads\/2024\/05\/frau-768x677.png\" class=\"attachment-medium_large size-medium_large\" alt=\"\" srcset=\"https:\/\/kapicchi-recruiting.com\/wp-content\/uploads\/2024\/05\/frau-768x677.png 768w, https:\/\/kapicchi-recruiting.com\/wp-content\/uploads\/2024\/05\/frau-453x400.png 453w, https:\/\/kapicchi-recruiting.com\/wp-content\/uploads\/2024\/05\/frau-907x800.png 907w, https:\/\/kapicchi-recruiting.com\/wp-content\/uploads\/2024\/05\/frau-14x12.png 14w, https:\/\/kapicchi-recruiting.com\/wp-content\/uploads\/2024\/05\/frau.png 1400w\" sizes=\"auto, (max-width: 768px) 100vw, 768px\" \/>\t\t\t\t\t\t\n\t\t\t\t\t<\/div>\n\t\t\t\t\t\t\t\t\n<style>\n#image_1491559427 {\n  width: 100%;\n}\n<\/style>\n\t<\/div>\n\t\n\n\n\t\t<\/div>\n\t\t\t\t\n<style>\n#col-1410188790 > .col-inner {\n  padding: 0px 0px 0px 0px;\n  margin: -232px 0px -64px -4px;\n}\n@media (min-width:550px) {\n  #col-1410188790 > .col-inner {\n    margin: 49px 0px -35px -4px;\n  }\n}\n<\/style>\n\t<\/div>\n\n\t\n\n<\/div>\n\n\t\t<\/div>\n\n\t\t\n<style>\n#section_195095249 {\n  padding-top: 0px;\n  padding-bottom: 0px;\n  margin-bottom: 39px;\n  background-color: rgb(255,255,255);\n}\n#section_195095249 .section-bg-overlay {\n  background-color: rgba(255, 255, 255, 0.85);\n}\n#section_195095249 .ux-shape-divider--bottom svg {\n  height: 395px;\n  --divider-width: 300%;\n}\n#section_195095249 .ux-shape-divider--bottom .ux-shape-fill {\n  fill: #dd3333;\n}\n<\/style>\n\t<\/section>\n\t\n\n\t<section class=\"section\" id=\"section_1242906917\">\n\t\t<div class=\"section-bg fill\" >\n\t\t\t\t\t\t\t\t\t<div class=\"section-bg-overlay absolute fill\"><\/div>\n\t\t\t\n\n\t\t<\/div>\n\n\t\t\n\t<div class=\"ux-shape-divider ux-shape-divider--bottom ux-shape-divider--style-waves-opacity-2 ux-shape-divider--flip ux-shape-divider--to-front\">\n\t\t<svg viewbox=\"0 0 1000 300\" xmlns=\"http:\/\/www.w3.org\/2000\/svg\" preserveaspectratio=\"none\">\n  <path class=\"ux-shape-fill\" opacity=\"0.15\" d=\"M0 299L-2 19.9998C153 -16.0002 308 155 413 184C515.64 212.35 562 152 645 153C725 154 787 206 874 233C939.54 253.34 975 248 1000 244.61V299H0Z\"\/>\n  <path class=\"ux-shape-fill\" opacity=\"0.3\" d=\"M0 300L-2 34C155 -9.00003 300 178 403 212C504.11 245.38 562 165 645 166C725 167 790.09 220.07 874 253C939.21 278.59 978.07 269.72 1000 263.61V300H0Z\"\/>\n  <path class=\"ux-shape-fill\" d=\"M0 300L-1 69.7099C216 56.9999 299.47 198.86 403 226C506 253 577 196 660 197C740 198 790.09 234.07 874 267C935.23 291 982 282.61 1000 277.61V300H0Z\"\/>\n<\/svg>\n\t<\/div>\n\n\t\t<div class=\"section-content relative\">\n\t\t\t\n\n<div class=\"row row-collapse row-full-width align-middle\"  id=\"row-400719235\">\n\n\n\t<div id=\"col-978282773\" class=\"col medium-6 small-11 large-6\"  >\n\t\t\t\t<div class=\"col-inner text-left\"  >\n\t\t\t\n\t\t\t\n\n\t<div id=\"text-477461550\" class=\"text\">\n\t\t\n\n<h2 style=\"text-align: left;\"><strong><span style=\"font-size: 110%;\">Wie entlasten wir Ihre Personalabteilung?<\/span><\/strong><\/h2>\n<p style=\"text-align: left;\"><span style=\"font-size: 110%;\">Wir lernen die Fachkr\u00e4fte in ihren Heimatl\u00e4ndern pers\u00f6nlich kennen und pr\u00fcfen sowohl ihre fachliche, als auch pers\u00f6nliche Kompetenz. Sobald sie in unserem Programm aufgenommen sind, k\u00fcmmern wir uns um ihre spezialisierte, berufsfachbezogene Sprachausbildung (anerkannt von Goethe und Telc) und alle erforderlichen beh\u00f6rdlichen Belange, f\u00fcr eine erfolgreiche Einreise, Berufsanerkennung und Integration.<\/span><\/p>\n<h2><span style=\"font-size: 110%;\"><strong><span style=\"font-size: 110%;\">Nachhltige L\u00f6sungen\u00ad.<\/span><\/strong><\/span><\/h2>\n<ul>\n<li><span style=\"font-size: 110%;\">Individuelle Personalkonzepte f\u00fcr Kliniken, soziale Einrichtungen und Pflegeeinrichtungen<\/span><\/li>\n<li><span style=\"font-size: 110%;\">Langfristige Personall\u00f6sungen<\/span><\/li>\n<li><span style=\"font-size: 110%;\">Vermittlung von Personal zum Direkteinstieg bei unseren Kunden<\/span><\/li>\n<li><span style=\"font-size: 110%;\">Auslandsrekrutierung in S\u00fcdamerika<\/span><\/li>\n<li><span style=\"font-size: 110%;\">Muttersprachliche Betreuung \/ Integrationshilfe<\/span><\/li>\n<li><span style=\"font-size: 110%;\">Berufliche Anerkennungsverfahren<\/span><\/li>\n<\/ul>\n<h2><span style=\"font-size: 110%;\">So Profitieren Sie von Kapicchi<\/strong><\/span><\/h2>\n<ul style=\"list-style-type: disc;\">\n<li><span style=\"font-size: 110%;\">Motivierte, leistungsbereite und qualifizierte Fachkr\u00e4fte<\/span><\/li>\n<li><span style=\"font-size: 110%;\">Flie\u00dfende Integration in bestehende Teams<\/span><\/li>\n<li><span style=\"font-size: 110%;\">Entlastung des Stammpersonals<\/span><\/li>\n<li><span style=\"font-size: 110%;\">Planungssicherheit<\/span><\/li>\n<li><span style=\"font-size: 110%;\">Individuelle Personalkonzepte<\/span><\/li>\n<li><span style=\"font-size: 110%;\">Flexibilit\u00e4t in der Personalplanung<\/span><\/li>\n<li><span style=\"font-size: 110%;\">Feste Ansprechpartner und pers\u00f6nliche Betreuung\u00a0<\/span><\/li>\n<li><span style=\"font-size: 110%;\">Koordination von Sprachschulungen und kultureller Anpassung<\/span><\/li>\n<\/ul>\n\n\t\t\n<style>\n#text-477461550 {\n  font-size: 0.95rem;\n  line-height: 1.2;\n  color: rgb(0,0,0);\n}\n#text-477461550 > * {\n  color: rgb(0,0,0);\n}\n<\/style>\n\t<\/div>\n\t\n<a href=\"https:\/\/kapicchi-recruiting.com\/es\/auslandische-arzte-innen\/\" class=\"button primary\"  >\n\t\t<span>M\u00c1S INFORMACI\u00d3N<\/span>\n\t<\/a>\n\n\n\n\t\t<\/div>\n\t\t\t\t\n<style>\n#col-978282773 > .col-inner {\n  margin: -54px 0px 54px 11px;\n  max-width: 506px;\n}\n@media (min-width:550px) {\n  #col-978282773 > .col-inner {\n    margin: -35px 0px 187px 181px;\n    max-width: 780px;\n  }\n}\n<\/style>\n\t<\/div>\n\n\t\n\n\t<div id=\"col-1084616481\" class=\"col medium-6 small-12 large-6\"  >\n\t\t\t\t<div class=\"col-inner\"  >\n\t\t\t\n\t\t\t\n\n\t<div class=\"img has-hover x md-x lg-x y md-y lg-y\" id=\"image_42841397\">\n\t\t\t\t\t\t\t\t<div class=\"img-inner image-cover dark\" style=\"padding-top:100%;margin:0px 0px 0px 0px;\">\n\t\t\t<img loading=\"lazy\" decoding=\"async\" width=\"907\" height=\"800\" src=\"https:\/\/kapicchi-recruiting.com\/wp-content\/uploads\/2024\/05\/mann3-907x800.png\" class=\"attachment-large size-large\" alt=\"\" srcset=\"https:\/\/kapicchi-recruiting.com\/wp-content\/uploads\/2024\/05\/mann3-907x800.png 907w, https:\/\/kapicchi-recruiting.com\/wp-content\/uploads\/2024\/05\/mann3-453x400.png 453w, https:\/\/kapicchi-recruiting.com\/wp-content\/uploads\/2024\/05\/mann3-768x677.png 768w, https:\/\/kapicchi-recruiting.com\/wp-content\/uploads\/2024\/05\/mann3-14x12.png 14w, https:\/\/kapicchi-recruiting.com\/wp-content\/uploads\/2024\/05\/mann3.png 1400w\" sizes=\"auto, (max-width: 907px) 100vw, 907px\" \/>\t\t\t\t\t\t\n\t\t\t\t\t<\/div>\n\t\t\t\t\t\t\t\t\n<style>\n#image_42841397 {\n  width: 100%;\n}\n<\/style>\n\t<\/div>\n\t\n\n\n\t\t<\/div>\n\t\t\t\t\n<style>\n#col-1084616481 > .col-inner {\n  padding: 0px 0px 0px 0px;\n  margin: 0px 0px 0px 133px;\n}\n<\/style>\n\t<\/div>\n\n\t\n\n<\/div>\n\n\t\t<\/div>\n\n\t\t\n<style>\n#section_1242906917 {\n  padding-top: 36px;\n  padding-bottom: 36px;\n  background-color: rgb(247, 247, 247);\n}\n#section_1242906917 .section-bg-overlay {\n  background-color: rgba(255, 255, 255, 0.85);\n}\n#section_1242906917 .ux-shape-divider--bottom svg {\n  height: 150px;\n  --divider-width: 100%;\n}\n#section_1242906917 .ux-shape-divider--bottom .ux-shape-fill {\n  fill: #dd3333;\n}\n<\/style>\n\t<\/section>\n\t\n\n\t<section class=\"section\" id=\"section_780173354\">\n\t\t<div class=\"section-bg fill\" >\n\t\t\t\t\t\t\t\t\t<div class=\"section-bg-overlay absolute fill\"><\/div>\n\t\t\t\n\n\t\t<\/div>\n\n\t\t\n\n\t\t<div class=\"section-content relative\">\n\t\t\t\n\n<div class=\"row align-center\"  id=\"row-192331846\">\n\n\n\t<div id=\"col-88846456\" class=\"col medium-10 small-12 large-10\"  >\n\t\t\t\t<div class=\"col-inner text-center\"  >\n\t\t\t\n\t\t\t\n\n\t<div id=\"text-3497156079\" class=\"text\">\n\t\t\n\n<h2 class=\"uppercase\" style=\"text-align: center;\">Warum KAPICCHI recruiting?<\/h2>\n<p class=\"paragraph-4\">La colocaci\u00f3n de especialistas internacionales es nuestra pasi\u00f3n. Nuestro coraz\u00f3n late por contratar trabajadores cualificados donde s\u00f3lo hay ganadores. Somos un equipo din\u00e1mico, joven e internacional que   entiende la colocaci\u00f3n de personal\u00a0<strong>desde<\/strong>\u00a0todos los lados:<\/p>\n<ul class=\"list\" role=\"list\">\n<li><strong>Rentabilidad:<\/strong>\u00a0Nuestros a\u00f1os de experiencia en contrataci\u00f3n le garantizan una soluci\u00f3n sencilla y rentable.<\/li>\n<li><strong>Idioma:<\/strong> Unser Team ist international breit aufgestellt, hat durchweg Auslandserfahrung und kennt die Situation eine neue Sprache und Kultur zu erlernen. Au\u00dferdem sind einige von uns selbst Leherer.<\/li>\n<li><strong>Innovaci\u00f3n:<\/strong>\u00a0Hoy en d\u00eda, la contrataci\u00f3n no funciona sin las redes sociales y las tecnolog\u00edas modernas: para nosotros, todo va de la mano.<\/li>\n<li>\n<p><strong>Kompetenz:<\/strong> Neben hoher professioneller und ethischer Standards zeichnen wir uns durch Ehrlichkeit, Freundlichkeit, Zuverl\u00e4ssigkeit sowie hohe Erreichbarkeit aus. Gleichzeitig schaffen wir ein famili\u00e4res, vertrauliches Arbeitsklima.<\/p>\n<\/li>\n<li>\n<p><strong>Uns ist wichtig:<\/strong> Direkter und pers\u00f6nlicher Ansprechpartner f\u00fcr Sie und alle Fachkr\u00e4fte, die wir vermitteln zu sein.<\/p>\n<\/li>\n<li>\n<p><strong>Faire und langfristige Vermittlung:<\/strong> Wir w\u00e4hlen nur Personal aus, das aus eigener Motivation langfristig und verbindlich bei Ihnen arbeiten m\u00f6chte und stellen dieses von Anfang an <strong>transparent<\/strong> y <strong>vertraglich sicher<\/strong>. Somit verzichten wir auf Zwangsgelder oder versteckte Bindungsklauseln.<\/p>\n<\/li>\n<\/ul>\n\t\t\n<style>\n#text-3497156079 {\n  text-align: left;\n  color: rgb(0,0,0);\n}\n#text-3497156079 > * {\n  color: rgb(0,0,0);\n}\n<\/style>\n\t<\/div>\n\t\n\n\t\t<\/div>\n\t\t\t\t\t<\/div>\n\n\t\n\n<\/div>\n\n\t\t<\/div>\n\n\t\t\n<style>\n#section_780173354 {\n  padding-top: 60px;\n  padding-bottom: 60px;\n  min-height: 300px;\n  background-color: #191b1f;\n}\n#section_780173354 .section-bg-overlay {\n  background-color: #fdc229;\n}\n<\/style>\n\t<\/section>\n\t\n\n\t<section class=\"section\" id=\"section_1675496592\">\n\t\t<div class=\"section-bg fill\" >\n\t\t\t\t\t\t\t\t\t\n\t\t\t\n\n\t\t<\/div>\n\n\t\t\n\n\t\t<div class=\"section-content relative\">\n\t\t\t\n\n<div class=\"row align-center\"  id=\"row-772618811\">\n\n\n\t<div id=\"col-1925443131\" class=\"col medium-10 small-12 large-10\"  >\n\t\t\t\t<div class=\"col-inner text-left\"  >\n\t\t\t\n\t\t\t\n\n\t<div id=\"text-684911829\" class=\"text\">\n\t\t\n\n<p>\u00a0<\/p>\n<h2 class=\"uppercase\" style=\"text-align: center;\">\u00a1CONCIERTE UNA CONSULTA!<\/h2>\n<p>\u00bfLe gustar\u00eda saber m\u00e1s sobre c\u00f3mo podemos ayudarle de forma eficaz y ventajosa a atraer a los empleados adecuados para usted?<br \/>Estaremos encantados de asesorarle de forma gratuita y sin compromiso sobre qu\u00e9 soluci\u00f3n es la m\u00e1s eficaz para sus instalaciones.<\/p>\n\t\t\n<style>\n#text-684911829 {\n  text-align: left;\n  color: rgb(0,0,0);\n}\n#text-684911829 > * {\n  color: rgb(0,0,0);\n}\n<\/style>\n\t<\/div>\n\t\n\n<div class=\"wpcf7 no-js\" id=\"wpcf7-f7-o1\" lang=\"es-ES\" dir=\"ltr\" data-wpcf7-id=\"7\">\n<div class=\"screen-reader-response\"><p role=\"status\" aria-live=\"polite\" aria-atomic=\"true\"><\/p> <ul><\/ul><\/div>\n<form action=\"\/es\/wp-json\/wp\/v2\/pages\/31#wpcf7-f7-o1\" method=\"post\" class=\"wpcf7-form init\" aria-label=\"Formulario de contacto\" novalidate=\"novalidate\" data-status=\"init\" data-trp-original-action=\"\/es\/wp-json\/wp\/v2\/pages\/31#wpcf7-f7-o1\">\n<div style=\"display: none;\">\n<input type=\"hidden\" name=\"_wpcf7\" value=\"7\" \/>\n<input type=\"hidden\" name=\"_wpcf7_version\" value=\"6.0.3\" \/>\n<input type=\"hidden\" name=\"_wpcf7_locale\" value=\"es_ES\" \/>\n<input type=\"hidden\" name=\"_wpcf7_unit_tag\" value=\"wpcf7-f7-o1\" \/>\n<input type=\"hidden\" name=\"_wpcf7_container_post\" value=\"0\" \/>\n<input type=\"hidden\" name=\"_wpcf7_posted_data_hash\" value=\"\" \/>\n<\/div>\n<div class=\"cf-container\">\n\t<div class=\"cf-col-6\">\n\t\t<p>Nombre* <span class=\"wpcf7-form-control-wrap\" data-name=\"text-96\"><input size=\"40\" maxlength=\"400\" class=\"wpcf7-form-control wpcf7-text wpcf7-validates-as-required\" aria-required=\"true\" aria-invalid=\"false\" placeholder=\"Nombre\" value=\"\" type=\"text\" name=\"text-96\" \/><\/span>\n\t\t<\/p>\n\t<\/div>\n\t<div class=\"cf-col-6\">\n\t\t<p>Nombre de su empresa\/instituci\u00f3n* <span class=\"wpcf7-form-control-wrap\" data-name=\"text-150\"><input size=\"40\" maxlength=\"400\" class=\"wpcf7-form-control wpcf7-text wpcf7-validates-as-required\" aria-required=\"true\" aria-invalid=\"false\" placeholder=\"Nombre de su empresa\/instituci\u00f3n\" value=\"\" type=\"text\" name=\"text-150\" \/><\/span>\n\t\t<\/p>\n\t<\/div>\n\t<div class=\"cf-col-6\">\n\t\t<p>Direcci\u00f3n de correo electr\u00f3nico* <span class=\"wpcf7-form-control-wrap\" data-name=\"email-781\"><input size=\"40\" maxlength=\"400\" class=\"wpcf7-form-control wpcf7-email wpcf7-validates-as-required wpcf7-text wpcf7-validates-as-email\" aria-required=\"true\" aria-invalid=\"false\" placeholder=\"Direcci\u00f3n de correo electr\u00f3nico\" value=\"\" type=\"email\" name=\"email-781\" \/><\/span>\n\t\t<\/p>\n\t<\/div>\n\t<div class=\"cf-col-6\">\n\t\t<p>N\u00famero de tel\u00e9fono* <span class=\"wpcf7-form-control-wrap\" data-name=\"tel-422\"><input size=\"40\" maxlength=\"400\" class=\"wpcf7-form-control wpcf7-tel wpcf7-validates-as-required wpcf7-text wpcf7-validates-as-tel\" aria-required=\"true\" aria-invalid=\"false\" placeholder=\"N\u00famero de tel\u00e9fono\" value=\"\" type=\"tel\" name=\"tel-422\" \/><\/span>\n\t\t<\/p>\n\t<\/div>\n\t<div class=\"cf-col-12\">\n\t\t<p>Tu petici\u00f3n: <span class=\"wpcf7-form-control-wrap\" data-name=\"textarea-358\"><textarea cols=\"40\" rows=\"10\" maxlength=\"2000\" class=\"wpcf7-form-control wpcf7-textarea wpcf7-validates-as-required\" aria-required=\"true\" aria-invalid=\"false\" placeholder=\"Tu petici\u00f3n:\" name=\"textarea-358\"><\/textarea><\/span>\n\t\t<\/p>\n\t<\/div>\n\t<p><input class=\"wpcf7-form-control wpcf7-submit has-spinner\" type=\"submit\" value=\"Enviar\" \/>\n\t<\/p>\n<\/div><div class=\"wpcf7-response-output\" aria-hidden=\"true\"><\/div>\n<input type=\"hidden\" name=\"trp-form-language\" value=\"es\"\/><\/form>\n<\/div>\n\n\n\n\t\t<\/div>\n\t\t\t\t\t<\/div>\n\n\t\n\n<\/div>\n\n\t\t<\/div>\n\n\t\t\n<style>\n#section_1675496592 {\n  padding-top: 60px;\n  padding-bottom: 60px;\n  min-height: 300px;\n  background-color: rgb(245, 245, 245);\n}\n<\/style>\n\t<\/section>","protected":false},"excerpt":{"rendered":"","protected":false},"author":1,"featured_media":0,"parent":0,"menu_order":0,"comment_status":"closed","ping_status":"closed","template":"page-blank.php","meta":{"_monsterinsights_skip_tracking":false,"_monsterinsights_sitenote_active":false,"_monsterinsights_sitenote_note":"","_monsterinsights_sitenote_category":0,"_joinchat":[],"footnotes":""},"class_list":["post-31","page","type-page","status-publish","hentry"],"aioseo_notices":[],"_links":{"self":[{"href":"https:\/\/kapicchi-recruiting.com\/es\/wp-json\/wp\/v2\/pages\/31","targetHints":{"allow":["GET"]}}],"collection":[{"href":"https:\/\/kapicchi-recruiting.com\/es\/wp-json\/wp\/v2\/pages"}],"about":[{"href":"https:\/\/kapicchi-recruiting.com\/es\/wp-json\/wp\/v2\/types\/page"}],"author":[{"embeddable":true,"href":"https:\/\/kapicchi-recruiting.com\/es\/wp-json\/wp\/v2\/users\/1"}],"replies":[{"embeddable":true,"href":"https:\/\/kapicchi-recruiting.com\/es\/wp-json\/wp\/v2\/comments?post=31"}],"version-history":[{"count":145,"href":"https:\/\/kapicchi-recruiting.com\/es\/wp-json\/wp\/v2\/pages\/31\/revisions"}],"predecessor-version":[{"id":690,"href":"https:\/\/kapicchi-recruiting.com\/es\/wp-json\/wp\/v2\/pages\/31\/revisions\/690"}],"wp:attachment":[{"href":"https:\/\/kapicchi-recruiting.com\/es\/wp-json\/wp\/v2\/media?parent=31"}],"curies":[{"name":"wp","href":"https:\/\/api.w.org\/{rel}","templated":true}]}}