{"id":134,"date":"2024-03-22T10:02:03","date_gmt":"2024-03-22T09:02:03","guid":{"rendered":"https:\/\/kapicchi-recruiting.com\/?page_id=134"},"modified":"2024-03-30T14:06:39","modified_gmt":"2024-03-30T19:06:39","slug":"medicos-para-alemania","status":"publish","type":"page","link":"https:\/\/kapicchi-recruiting.com\/es\/medicos-para-alemania\/","title":{"rendered":"medicos para alemania"},"content":{"rendered":"<section class=\"section\" id=\"section_517119060\">\n\t\t<div class=\"section-bg fill\" >\n\t\t\t<img loading=\"lazy\" decoding=\"async\" width=\"1800\" height=\"883\" src=\"https:\/\/kapicchi-recruiting.com\/wp-content\/uploads\/2024\/03\/MEDICOS-ALEMANIA-2.png\" class=\"bg attachment- size-\" alt=\"\" \/>\t\t\t\t\t\t<div class=\"section-bg-overlay absolute fill\"><\/div>\n\t\t\t\n\n\t\t<\/div>\n\n\t\t\n\n\t\t<div class=\"section-content relative\">\n\t\t\t\n\n<div class=\"row align-center\"  id=\"row-2119718930\">\n\n\n\t<div id=\"col-1148484501\" class=\"col medium-7 small-10 large-7\"  >\n\t\t\t\t<div class=\"col-inner text-center\"  >\n\t\t\t\n\t\t\t\n\n\t<div id=\"text-3463460118\" class=\"text hidden\">\n\t\t\n\n<h1 class=\"heading_hero heading_hero_regular\">Preparaci\u00f3n para la prueba de lenguaje t\u00e9cnico.<\/h1>\n\t\t\n<style>\n#text-3463460118 {\n  font-size: 1.55rem;\n  color: rgb(0,0,0);\n}\n#text-3463460118 > * {\n  color: rgb(0,0,0);\n}\n<\/style>\n\t<\/div>\n\t\n\n\t\t<\/div>\n\t\t\t\t\n<style>\n#col-1148484501 > .col-inner {\n  padding: 0px 0px 46px 0px;\n  margin: -56px 0px -265px -9px;\n}\n@media (min-width:550px) {\n  #col-1148484501 > .col-inner {\n    padding: 0px 0px 92px 0px;\n    margin: -52px 0px -361px -155px;\n  }\n}\n<\/style>\n\t<\/div>\n\n\t\n\n<\/div>\n\n\t\t<\/div>\n\n\t\t\n<style>\n#section_517119060 {\n  padding-top: 60px;\n  padding-bottom: 60px;\n  min-height: 624px;\n  background-color: rgb(245, 245, 245);\n}\n#section_517119060 .section-bg-overlay {\n  background-color: rgba(255, 255, 255, 0.134);\n}\n#section_517119060 .section-bg img {\n  object-position: 53% 41%;\n}\n<\/style>\n\t<\/section>\n\t\n\n\t<section class=\"section\" id=\"section_227394596\">\n\t\t<div class=\"section-bg fill\" >\n\t\t\t\t\t\t\t\t\t\n\t\t\t\n\n\t\t<\/div>\n\n\t\t\n\n\t\t<div class=\"section-content relative\">\n\t\t\t\n\n<div class=\"row align-center\"  id=\"row-1748736268\">\n\n\n\t<div id=\"col-1345939764\" class=\"col medium-10 small-12 large-10\"  >\n\t\t\t\t<div class=\"col-inner text-center\"  >\n\t\t\t\n\t\t\t\n\n\t<div id=\"text-1407707018\" class=\"text\">\n\t\t\n\n<p>\u00a0<\/p>\n<h2 class=\"h2\" style=\"text-align: center;\"><strong class=\"bold-text\">Nuestro programa para m\u00e9dicos<br \/>\u00bfQui\u00e9nes somos?<\/strong><\/h2>\n<p class=\"paragraph-17\"><em>Somos tu agencia<\/em>\u00a0\u2013 Contamos con experiencia desde 2013 en programas de reclutamiento para personal en el \u00e1mbito de profesiones m\u00e9dicas. Nosotros hemos acompa\u00f1ado a m\u00e1s de 350 personas para encontrar una mejor calidad de vida y laboral en el campo m\u00e9dico y enfermer\u00eda en Alemania.\u00a0<br \/>\u200d<br \/>\u200d<strong><em>Somos tus socios honestos<\/em><\/strong><em>\u00a0<\/em>&#8211; No te cobramos tasas de reclutamiento. No te vendemos cursos ni asesor\u00eda para lucrar de ti. Nosotros vivimos de lo que nos pagar\u00e1 tu futuro empleador. As\u00ed estamos siempre personal y econ\u00f3micamente interesados para que lleguemos juntos a nuestro destino mutuo: un empleo para ti de calidad como m\u00e9dico en Alemania.\u00a0<br \/><br \/>\u200d<strong><em>Somos alemanes con un coraz\u00f3n latino<\/em><\/strong>\u00a0&#8211; El fundador de Interpers, Andreas Schick est\u00e1 casado con una mujer mexicana de una familia de m\u00e9dicos. Nuestra gerente del proyecto para m\u00e9dicos, Lena Radillo Gil vivi\u00f3 12 a\u00f1os en M\u00e9xico y tiene un esposo m\u00e9dico mexicano que est\u00e1 exitosamente en el proceso de su homologaci\u00f3n en Alemania. Contigo construimos el puente a tu futuro laboral en Alemania.\u00a0<em><br \/><br \/><\/em><strong><em>Somos tus especialistas<\/em><\/strong>\u00a0&#8211; Sabemos muy bien lo que hacemos. Contamos con licencias de telc siendo docentes para cursos de alem\u00e1n m\u00e9dico. Adem\u00e1s, contamos con una amplia red de contactos con hospitales y empresas altamente especializadas en la formaci\u00f3n ling\u00fc\u00edstica profesional.<\/p>\n\t\t\n<style>\n#text-1407707018 {\n  text-align: left;\n  color: rgb(0,0,0);\n}\n#text-1407707018 > * {\n  color: rgb(0,0,0);\n}\n<\/style>\n\t<\/div>\n\t\n\n\t\t<\/div>\n\t\t\t\t\t<\/div>\n\n\t\n\n<\/div>\n\n\t\t<\/div>\n\n\t\t\n<style>\n#section_227394596 {\n  padding-top: 60px;\n  padding-bottom: 60px;\n  min-height: 300px;\n  background-color: rgb(255, 255, 255);\n}\n<\/style>\n\t<\/section>\n\t\n\n\t<section class=\"section\" id=\"section_158954834\">\n\t\t<div class=\"section-bg fill\" >\n\t\t\t\t\t\t\t\t\t<div class=\"section-bg-overlay absolute fill\"><\/div>\n\t\t\t\n\n\t\t<\/div>\n\n\t\t\n\n\t\t<div class=\"section-content relative\">\n\t\t\t\n\n<div class=\"row align-center\"  id=\"row-556615308\">\n\n\n\t<div id=\"col-988590912\" class=\"col medium-10 small-12 large-10\"  >\n\t\t\t\t<div class=\"col-inner text-center\"  >\n\t\t\t\n\t\t\t\n\n\t<div id=\"text-3907049376\" class=\"text\">\n\t\t\n\n<p>\u00a0<\/p>\n<h2 class=\"h2\" style=\"text-align: center;\"><strong>\u00bfC\u00f3mo homologar tu t\u00edtulo de Medicina en Alemania?<\/strong><\/h2>\n<p class=\"paragraph-17\">Hay muchos caminos para trabajar en Alemania como m\u00e9dico latino. En lo siguiente te queremos mostrar c\u00f3mo puedes llegar a tu meta.<\/p>\n<h3 class=\"heading-3\" style=\"text-align: center;\"><strong>Paso 1: Aprender alem\u00e1n<\/strong><\/h3>\n<p class=\"paragraph-17\">El primer paso es que aprendas alem\u00e1n hasta el nivel B2, obteniendo un certificado por ALTE como por ejemplo telc, goethe, \u00d6SD. Es recomendable que hagas esta prueba en el pa\u00eds donde te encuentres antes de viajar a Alemania.<\/p>\n<h3 class=\"heading-3\" style=\"text-align: center;\"><strong>Paso 2: Apostillar tus documentos<\/strong><\/h3>\n<p class=\"paragraph-17\">Nuestros servicios son gratuitos. No pagar\u00e1s ninguna comisi\u00f3n de agencia. Dependiendo de d\u00f3nde vivas, el costo de las clases de idiomas y los documentos del pa\u00eds var\u00edan. La mayor parte del coste se reembolsa una vez que empiezas a trabajar en\nAlemania<\/p>\n<h3 class=\"heading-3\" style=\"text-align: center;\"><strong>Paso 3: Traducir tus documentos<\/strong><\/h3>\n<p class=\"paragraph-17\">Recomendamos hacer las traducciones v\u00eda un traductor certificado en Alemania. Tenemos un contacto de un traductor econ\u00f3mico (costo entre 350 y 550 euros por todo).\u00a0<br \/>\u00bfPor qu\u00e9 no hacerlo con un traductor oficial de la lista de la embajada? Porque si te toca una persona muy estricta existe la posibilidad de que no te acepten las traducciones e iniciar\u00edas todo el proceso desde 0. (ya hemos tenido muchos casos con esta situaci\u00f3n)<\/p>\n<h3 class=\"heading-3\" style=\"text-align: center;\"><strong>Paso 4: Comenzar la homologaci\u00f3n<\/strong><\/h3>\n<p class=\"paragraph-17\">Para comenzar tu homologaci\u00f3n necesitas entregar tus documentos en una agencia gubernamental de homologaci\u00f3n de t\u00edtulos profesionales (Regierungspr\u00e4sidium). Hay varias agencias gubernamentales las cuales se encargan de este proceso, esto depende seg\u00fan el estado alem\u00e1n donde deseas trabajar. Es importante que en este punto cuentes con una oferta o contrato de empleo y que residas en el estado d\u00f3nde procuras trabajar. Una vez que entregues tus documentos completamente se tarda entre 2-6 meses para que recibas una carta donde se especifican los documentos que hacen falta para el proceso (Defizitbescheid).<\/p>\n<h3 class=\"heading-3\" style=\"text-align: center;\"><strong>Paso 5: Viajar a Alemania<\/strong><\/h3>\n<p class=\"paragraph-17\">Pocos consiguen un empleador antes de emigrar a Alemania. Por lo cual normalmente se emigra a Alemania, en caso de nuestro programa como turista por 90 d\u00edas sin visado. Puedes volver a tu pa\u00eds y conseguir con tu Defizitbescheid un visado de categor\u00eda de la ley migratoria alemana (\u00a716d AufenthG) para emigrar a Alemania y terminar tu homologaci\u00f3n, despu\u00e9s de nuestro programa. Vas a necesitar una cuenta bloqueada (Sperrkonto) con un total de 911 euros por mes de tu estad\u00eda en Alemania. Si eres ciudadano de la Uni\u00f3n Europea (UE) no necesitas este requisito.<\/p>\n<h3 class=\"heading-3\" style=\"text-align: center;\"><strong>Paso 6: Pasar examen de idioma profesional m\u00e9dico (Fachsprachpr\u00fcfung).<\/strong><\/h3>\n<p class=\"paragraph-17\">Una vez que termines de entregar todos tus papeles y la agencia de homologaci\u00f3n te confirme que est\u00e1n completos, se te otorgar\u00e1 una cita para el examen de idioma profesional m\u00e9dico (Fachsprachpr\u00fcfung).Para tener una alta posibilidad de pasarlo necesitas una buena preparaci\u00f3n con un curso de alrededor de 12 semanas.\u00a0Por parte de la agencia de trabajo alemana, se puede otorgar un vale de formaci\u00f3n gratuita para el curso de preparaci\u00f3n a la Fachsprachpr\u00fcfung. Sin este vale el costo del curso oscila entre 3000-4500 euros y normalmente dura entra 400-600 unidades de clases (UC) con 45 minutos por UC.<br \/>\u200d<\/p>\n<h3 class=\"heading-3\" style=\"text-align: center;\"><strong>Paso 7: Comenzar a trabajar como m\u00e9dico en homologaci\u00f3n<\/strong><\/h3>\n<p class=\"paragraph-17\">Si apruebas la Fachsprachpr\u00fcfung podras obtener el permiso de trabajo como m\u00e9dico en homologaci\u00f3n y normalmente ganas entre 4000-4800 euros brutos.<\/p>\n<h3 class=\"heading-3\" style=\"text-align: center;\"><strong>Paso 8: Terminar tu homologaci\u00f3n como m\u00e9dico general<\/strong><\/h3>\n<p class=\"paragraph-17\">Para finalizar tu homologaci\u00f3n profesional como m\u00e9dico es necesario aprobar el examen de conocimientos m\u00e9dicos (Kenntnispr\u00fcfung). Este paso no aplica para m\u00e9dicos que han obtenido su t\u00edtulo en una universidad de la Uni\u00f3n Europea.\u00a0En este paso normalmente ya cuentas con un empleador y puedes tramitar otro vale de formaci\u00f3n gratuita (Bildungsgutschein) emitido por la agencia federal alemana de empleo (Bundesagentur f\u00fcr Arbeit) que te pagar\u00e1 un curso de praparaci\u00f3n para la Kenntnispr\u00fcfung. Si en un caso de excepci\u00f3n no puedes obtenerlo el costo del curso es de aproximadamente 3000-5000 euros y dura entre 4-6 meses.\u00a0Una vez que apruebes este examen obtendr\u00e1s la homologaci\u00f3n (Approbation) y eres oficialmente\u00a0<strong>m\u00e9dico general\u00a0<\/strong>con un salario m\u00ednimo de 4000 euros brutos.\u00a0<\/p>\n<h3 class=\"heading-3\" style=\"text-align: center;\"><strong>Paso 9: Homologar la especialidad<\/strong><\/h3>\n<p class=\"paragraph-17\">Si ya cuentas con una especialidad, esta puede ser de igual manera homologada. Normalmente se tiene que presentar el examen de la especialidad y\/o realizar una equivalencia un tiempo determinado trabajando como residente (Assistenzarzt). Si terminas este paso ser\u00e1s un m\u00e9dico especialista (Facharzt). Esto tambi\u00e9n resulta en un aumento de salario a unos 5500-6500 euros brutos por mes.<\/p>\n<h3 class=\"heading-3\" style=\"text-align: center;\"><strong>\u00bfC\u00f3mo te ayudamos con todo el proceso?<\/strong><\/h3>\n<ul class=\"list_ayuda\" role=\"list\">\n<li><em class=\"italic-text-2\">Te acompa\u00f1amos y apoyamos individualmente\u00a0<\/em><strong><em>sin costo<\/em><\/strong><\/li>\n<li><em>Te encontramos un empleador\u00a0<\/em><strong><em>sin costo<\/em><\/strong><\/li>\n<li><em>Te organizamos una entrevista\u00a0<\/em><strong><em>sin costo<\/em><\/strong><\/li>\n<\/ul>\n<p class=\"paragraph-17\"><strong>Nosotros no vivimos de lo que t\u00fa nos pagas, sino de lo que nos pagar\u00e1 tu futuro empleador.\u00a0<br \/>\u200d<\/strong>Si necesitas el curso de preparaci\u00f3n para el examen de idioma profesional m\u00e9dico (Fachsprachpr\u00fcfung) te damos opciones econ\u00f3micas y subvencionadas en l\u00ednea desde tu pa\u00eds y\/o presenciales en Alemania. Aqu\u00ed contamos con varias opciones seg\u00fan tu situaci\u00f3n personal.\u00a0<\/p>\n<p class=\"paragraph-17\">\u00a0<\/p>\n\t\t\n<style>\n#text-3907049376 {\n  text-align: left;\n  color: rgb(0,0,0);\n}\n#text-3907049376 > * {\n  color: rgb(0,0,0);\n}\n<\/style>\n\t<\/div>\n\t\n\n\t\t<\/div>\n\t\t\t\t\t<\/div>\n\n\t\n\n<\/div>\n\n\t\t<\/div>\n\n\t\t\n<style>\n#section_158954834 {\n  padding-top: 60px;\n  padding-bottom: 60px;\n  min-height: 300px;\n  background-color: rgb(255,255,255);\n}\n#section_158954834 .section-bg-overlay {\n  background-color: rgba(202, 202, 202, 0.198);\n}\n<\/style>\n\t<\/section>\n\t\n\n\t<section class=\"section\" id=\"section_1317239413\">\n\t\t<div class=\"section-bg fill\" >\n\t\t\t\t\t\t\t\t\t\n\t\t\t\n\n\t\t<\/div>\n\n\t\t\n\n\t\t<div class=\"section-content relative\">\n\t\t\t\n\n<div class=\"row align-center\"  id=\"row-359586580\">\n\n\n\t<div id=\"col-1171616815\" class=\"col medium-10 small-12 large-10\"  >\n\t\t\t\t<div class=\"col-inner text-center\"  >\n\t\t\t\n\t\t\t\n\n\t<div id=\"text-2325815684\" class=\"text\">\n\t\t\n\n<p>\u00a0<\/p>\n<h2 class=\"h2\" style=\"text-align: center;\"><strong>Costos y tiempos<\/strong><\/h2>\n<ol role=\"list\">\n<li class=\"list-item-2\"><strong>Curso de alem\u00e1n B2<br \/>\u200d<\/strong>Los costos de un curso profesional de B2 oscilan entre\u00a0<strong>1500-2500 euros<\/strong>\u00a0en buenas escuelas de alem\u00e1n. Para lograr la meta es necesario invertir 600 unidades de clase de 45 minutos en un tiempo de 6 a 10 meses.\u00a0Es importante que tu maestro\/a sea motivado\/a y cuente con experiencia.\u00a0Si ya te encuentras en el proceso de aprender alem\u00e1n y est\u00e1s contento con la calidad nosotros comenzar\u00edamos el proceso contigo a partir que hayas complido exitosamente el nivel B1.\u00a0<br \/>Si deseas tomar un curso en l\u00ednea de alem\u00e1n general con nosotros puedes encontrar m\u00e1s informaci\u00f3n de nuestra escuela Linguapers aqu\u00ed:\u00a0<a href=\"https:\/\/www.linguapers.de\/\" target=\"_blank\" rel=\"noopener\">https:\/\/www.linguapers.de\/<\/a><\/li>\n<li class=\"list-item-3\"><strong>Apostillados, traducciones y homologaci\u00f3n<br \/>\u200d<\/strong>Los apostillados para tus documentos cuestan en general seg\u00fan el pa\u00eds entre 150-250 euros.\u00a0En este paso te asesoramos como debe ser el formato.\u00a0A veces se puede notarizar tus documentos en Alemania seg\u00fan el estado deseado por un costo de aproximadamente 150 euros.\u00a0Las traducciones cuestan seg\u00fan los documentos unos 250-300 euros. El proceso de homologaci\u00f3n cuesta seg\u00fan el estado entre 400-500 euros.<\/li>\n<li class=\"list-item-4\"><strong>Visado<br \/>\u200d<\/strong>La mayor\u00eda de los ciudadanos latinos pueden entrar a la UE sin visadoEn otro caso el costo de un visado (si aplica) cuesta entra 75-100 euros en la embajada alemana en tu pa\u00eds de residencia.<\/li>\n<li class=\"list-item-5\"><strong>Vuelo a Alemania \/ seguro de salud\u00a0<\/strong><br \/>Un vuelo redondo desde Am\u00e9rica Latina a Alemania tiene un costo de 500-1000 euros.\u00a0Un seguro econ\u00f3mico de salud cuesta normalmente 100 euros por mes. Este seguro es recomendable si entras como turista y es obligatorio si entras con visado \u00a716d AufenthG en caso de que no tengas empleador. Te recomendamos la siguiente compa\u00f1\u00eda:\u00a0<a href=\"https:\/\/www.mawista.com\/en\/\" target=\"_blank\" rel=\"noopener\">https:\/\/www.mawista.com\/<\/a><\/li>\n<li class=\"list-item-6\"><strong>Curso para el examen de idioma profesional m\u00e9dico (Fachsprachpr\u00fcfung)<br \/>\u200d<\/strong>Si deseas hacer el curso en l\u00ednea con uno de nuestros docentes altamente calificados la duraci\u00f3n es de 3 meses con un costo de 600 euros por mes y un total de 1800 euros.\u00a0Si deseas un curso presencial en otra escuela de tu elecci\u00f3n los precios oscilan entre 3000-4000 euros.<\/li>\n<li class=\"list-item-7\"><strong>La agencia de homologaci\u00f3n cobra normalmente entre 250-500 euros por el examen de idioma profesional m\u00e9dico (Fachsprachpr\u00fcfung)<br \/>\u200d<\/strong>Si cuentas con un empleador y vives en Alemania puedes tramitar un vale de formaci\u00f3n (Bildungsgutschein) de la agencia federal de empleo (Bundesagentur f\u00fcr Arbeit) para obtenerlo gratis.<\/li>\n<li class=\"list-item-8\"><strong>Costo de vida en Alemania<br \/>\u200d<\/strong>Si haces el curso de forma presencial es importante considerar el costo de la vivienda y los alimentos de aproximadamente 800 euros por mes (2400 euros en total). En caso de que tengas un Bildungsgutschein.<\/li>\n<li class=\"list-item-9\"><strong>Costo de la preparaci\u00f3n para el examen de conocimiento m\u00e9dico (Kenntnispr\u00fcfung)<\/strong><br \/>En este punto normalmente tramitas un vale de formaci\u00f3n (Bildungsgutschein) de la agencia federal de empleo (Bundesagentur f\u00fcr Arbeit) y lo obtienes sin costo.\u00a0<\/li>\n<\/ol>\n\t\t\n<style>\n#text-2325815684 {\n  text-align: left;\n  color: rgb(0,0,0);\n}\n#text-2325815684 > * {\n  color: rgb(0,0,0);\n}\n<\/style>\n\t<\/div>\n\t\n\n\t\t<\/div>\n\t\t\t\t\t<\/div>\n\n\t\n\n<\/div>\n\n\t\t<\/div>\n\n\t\t\n<style>\n#section_1317239413 {\n  padding-top: 60px;\n  padding-bottom: 60px;\n  min-height: 300px;\n  background-color: rgb(255, 255, 255);\n}\n<\/style>\n\t<\/section>\n\t\n\n\t<section class=\"section\" id=\"section_1129272563\">\n\t\t<div class=\"section-bg fill\" >\n\t\t\t\t\t\t\t\t\t<div class=\"section-bg-overlay absolute fill\"><\/div>\n\t\t\t\n\n\t\t<\/div>\n\n\t\t\n\n\t\t<div class=\"section-content relative\">\n\t\t\t\n\n<div class=\"row align-center\"  id=\"row-413169642\">\n\n\n\t<div id=\"col-864341030\" class=\"col medium-10 small-12 large-10\"  >\n\t\t\t\t<div class=\"col-inner text-center\"  >\n\t\t\t\n\t\t\t\n\n\t<div id=\"text-24500892\" class=\"text\">\n\t\t\n\n<p>\u00a0<\/p>\n<h2 class=\"h2\" style=\"text-align: center;\"><strong>Referencias \/ Testimonios<\/strong><\/h2>\n<p class=\"paragraph-17\">&#8222;Si est\u00e1s pensando trabajar en Alemania, Lena te puede ayudar con todo el proceso. Cualquier duda te resuelve muy linda y amable siempre. Gracias a Lena ya estoy trabajando en Alemania \ud83c\udde9\ud83c\uddea&#8220; \u2014 Marilu Berumen<br \/><br \/>&#8222;S\u00faper recomendado. Lena nos ha ayudado conseguir trabajo incluso durante los meses del Covid que los hospitales no estaban contratando. Estoy muy agradecido por todo lo que ha echo Lena por mi y mi esposa. Lena es amable, con gran inter\u00e9s en conseguirte un puesto de trabajo o en darte consejos personal. Si tienen la chanza de trabajar con ella no se van a arrepentir.&#8220; \u2014 Roberto Bernal<br \/><br \/>&#8222;No tengo palabras para describir lo agradecida que estoy. Lo que en alg\u00fan momento cre\u00ed que llevar\u00eda mucho tiempo y qu\u00e9 seria complicado, cambio gracias a Lena. \u00a0Me ayudo a cumplir el sue\u00f1o de estar trabajando en Alemania, y todo en un periodo de tiempo bastante corto, aproximadamente 3 meses. Aun segu\u00eda en el curso del C1 y de aleman m\u00e9dico, cuando me consigui\u00f3 una entrevista de trabajo en un hospital incre\u00edble y cuando menos cre\u00ed, ya tenia una oferta de trabajo. Me apoyo en todo el tr\u00e1mite, me contesto dudas, es m\u00e1s sigue estando al pendiente de mi progreso. Me encanta que no te deja solo, que si no tiene respuesta a tu pregunta, la investiga y te sigue ayudando. \u00a0No hab\u00eda conocido alguien tan comprometida con apoyar a los m\u00e9dicos de una manera tan honesta y tan comprometida.&#8220; \u2014 Alba Rojas<br \/><br \/>\u201cEstoy muy agradecido con toda la ayuda que Lena me ha brindado, gracias a ella ya estoy cada vez mas cerca de lograr mi sue\u00f1o. Coclu\u00ed un curso C1 y otro de preparaci\u00f3n para el examen m\u00e9dico en Alemania, adem\u00e1s de obtener entrevistas con varios hospitales y finalmente una promesa de plaza con un hospital, todo esto en menos de 3 meses estando en Alemania, es decir muy r\u00e1pido gracias a su ayuda y su programa para m\u00e9dicos.Conoc\u00ed gente all\u00e1 (tambi\u00e9n m\u00e9dicos) que llevan muchos meses y no han podido conseguir ni una entrevista o plaza, adem\u00e1s de que los cursos que tomaban ellos estaban incre\u00edblemente caros, a comparaci\u00f3n de los que me ofrecieron a mi. Ahora solo espero tr\u00e1mites y fecha para el examen. En todo el proceso estuvo 24\/7 al pendiente y ayud\u00e1ndome con todo tipo de duda y tr\u00e1mites. La ayuda es aut\u00e9ntica y vale la pena acercarse a ella. La recomiendo muchisimo!\u201d \u2014 Eugenio Salvador Barriga<\/p>\n\t\t\n<style>\n#text-24500892 {\n  text-align: left;\n  color: rgb(0,0,0);\n}\n#text-24500892 > * {\n  color: rgb(0,0,0);\n}\n<\/style>\n\t<\/div>\n\t\n\n\t\t<\/div>\n\t\t\t\t\t<\/div>\n\n\t\n\n<\/div>\n\n\t\t<\/div>\n\n\t\t\n<style>\n#section_1129272563 {\n  padding-top: 60px;\n  padding-bottom: 60px;\n  min-height: 300px;\n  background-color: rgb(255,255,255);\n}\n#section_1129272563 .section-bg-overlay {\n  background-color: rgba(202, 202, 202, 0.198);\n}\n<\/style>\n\t<\/section>\n\t\n\n\t<section class=\"section\" id=\"section_1626725947\">\n\t\t<div class=\"section-bg fill\" >\n\t\t\t\t\t\t\t\t\t\n\t\t\t\n\n\t\t<\/div>\n\n\t\t\n\n\t\t<div class=\"section-content relative\">\n\t\t\t\n\n<div class=\"row align-center\"  id=\"row-764390399\">\n\n\n\t<div id=\"col-2045589366\" class=\"col medium-10 small-12 large-10\"  >\n\t\t\t\t<div class=\"col-inner text-center\"  >\n\t\t\t\n\t\t\t\n\n\t<div id=\"text-2575992808\" class=\"text\">\n\t\t\n\n<p>\u00a0<\/p>\n<h2 class=\"h2\" style=\"text-align: center;\"><strong>Proyecto Rottweil<\/strong><\/h2>\n<p class=\"paragraph-17\"><strong><em>Buscamos para un hospital psiqui\u00e1trico 5 m\u00e9dicos latinos en 2022 con una perspectiva de 10 m\u00e9dicos por cada a\u00f1o consecutivo.<br \/><br \/>\u200d<\/em><\/strong><strong>PERFIL:<\/strong><br \/>\u00bfEres un m\u00e9dico que le interesa trabajar como psiquiatra en el sur de Alemania? Tenemos un proyecto muy interesante para ti.\u00a0<br \/><br \/>\u200d<strong>LUGAR<\/strong>:<br \/>Vivir\u00e1s en Rottweil, la ciudad m\u00e1s antigua del estado de Baden-W\u00fcrttemberg. Si te gusta salir en una ciudad grande estar\u00e1s a 1,5 horas en tren directo de Stuttgart y 2 horas de Z\u00farich. Si amas la naturaleza estar\u00e1s en autom\u00f3vil a 20 minutos de la Selva Negra y a 1 hora del Lago de Constanza.<br \/><br \/>\u200d<strong>EMPLEADOR:<\/strong><br \/>Vinzenz von Paul Hospital es uno de los hospitales psiqui\u00e1tricos m\u00e1s grandes y con m\u00e1s renombre en el sur de Alemania sirviendo una poblaci\u00f3n de 600.000 habitantes, con una historia con m\u00e1s de 120 a\u00f1os y 467 camas.\u00a0<br \/><br \/><strong>COSTOS\u00a0<\/strong><strong>aproximados:\u00a0<\/strong><br \/>&#8211; Vuelo: 750 euros \u2013 1000 euros<br \/>&#8211; Homologaci\u00f3n y documentos \u2013 1000 euros\u00a0<br \/><br \/><strong>BENEFICIOS:\u00a0<\/strong><br \/>&#8211; Curso de preparaci\u00f3n para la Fachsprachpr\u00fcfung y Kenntnispr\u00fcfung: gratis\u00a0<br \/>&#8211; Permiso laboral antes de la migraci\u00f3n a Alemania<br \/>&#8211; Salario llegando a Alemania<br \/><br \/><strong>CONDICIONES:\u00a0<\/strong><br \/>&#8211; M\u00ednimo 2 a\u00f1os de contrato despu\u00e9s de homologaci\u00f3n\u00a0<br \/>&#8211; Pasar la entrevista exitosamente<\/p>\n\t\t\n<style>\n#text-2575992808 {\n  text-align: left;\n  color: rgb(0,0,0);\n}\n#text-2575992808 > * {\n  color: rgb(0,0,0);\n}\n<\/style>\n\t<\/div>\n\t\n\n\t\t<\/div>\n\t\t\t\t\t<\/div>\n\n\t\n\n<\/div>\n\n\t\t<\/div>\n\n\t\t\n<style>\n#section_1626725947 {\n  padding-top: 60px;\n  padding-bottom: 60px;\n  min-height: 300px;\n  background-color: rgb(255, 255, 255);\n}\n<\/style>\n\t<\/section>","protected":false},"excerpt":{"rendered":"","protected":false},"author":1,"featured_media":0,"parent":0,"menu_order":0,"comment_status":"closed","ping_status":"closed","template":"page-blank.php","meta":{"_monsterinsights_skip_tracking":false,"_monsterinsights_sitenote_active":false,"_monsterinsights_sitenote_note":"","_monsterinsights_sitenote_category":0,"_joinchat":[],"footnotes":""},"class_list":["post-134","page","type-page","status-publish","hentry"],"aioseo_notices":[],"_links":{"self":[{"href":"https:\/\/kapicchi-recruiting.com\/es\/wp-json\/wp\/v2\/pages\/134","targetHints":{"allow":["GET"]}}],"collection":[{"href":"https:\/\/kapicchi-recruiting.com\/es\/wp-json\/wp\/v2\/pages"}],"about":[{"href":"https:\/\/kapicchi-recruiting.com\/es\/wp-json\/wp\/v2\/types\/page"}],"author":[{"embeddable":true,"href":"https:\/\/kapicchi-recruiting.com\/es\/wp-json\/wp\/v2\/users\/1"}],"replies":[{"embeddable":true,"href":"https:\/\/kapicchi-recruiting.com\/es\/wp-json\/wp\/v2\/comments?post=134"}],"version-history":[{"count":12,"href":"https:\/\/kapicchi-recruiting.com\/es\/wp-json\/wp\/v2\/pages\/134\/revisions"}],"predecessor-version":[{"id":446,"href":"https:\/\/kapicchi-recruiting.com\/es\/wp-json\/wp\/v2\/pages\/134\/revisions\/446"}],"wp:attachment":[{"href":"https:\/\/kapicchi-recruiting.com\/es\/wp-json\/wp\/v2\/media?parent=134"}],"curies":[{"name":"wp","href":"https:\/\/api.w.org\/{rel}","templated":true}]}}